{"id":1402,"date":"2024-12-05T15:53:47","date_gmt":"2024-12-05T14:53:47","guid":{"rendered":"http:\/\/isopakgroup.retinatest.it\/nasze-certyfikaty\/"},"modified":"2025-01-24T10:13:05","modified_gmt":"2025-01-24T09:13:05","slug":"nasze-certyfikaty","status":"publish","type":"page","link":"https:\/\/www.isopakgroup.com\/pl\/nasze-certyfikaty\/","title":{"rendered":"Nasze certyfikaty"},"content":{"rendered":"<div id=\"certificazioni\" class=\"wp-block-group\"><div class=\"wp-block-group__inner-container is-layout-constrained wp-block-group-is-layout-constrained\"><div class=\"wp-block-columns are-vertically-aligned-top is-layout-flex wp-container-core-columns-is-layout-28f84493 wp-block-columns-is-layout-flex\"><div class=\"wp-block-column is-vertically-aligned-top is-layout-flow wp-block-column-is-layout-flow\"><div class=\"wp-block-image\"><figure class=\"aligncenter size-large is-resized\"><img loading=\"lazy\" decoding=\"async\" width=\"348\" height=\"161\" src=\"https:\/\/www.isopakgroup.com\/wp-content\/uploads\/2024\/09\/isopak.svg\" alt=\"\" class=\"wp-image-400\" style=\"width:200px\"\/><\/figure><\/div>\n\n<div style=\"height:28px\" aria-hidden=\"true\" class=\"wp-block-spacer\"><\/div>\n\n<div class=\"wp-block-image\"><figure class=\"aligncenter size-full is-resized\"><img loading=\"lazy\" decoding=\"async\" width=\"600\" height=\"380\" src=\"https:\/\/www.isopakgroup.com\/wp-content\/uploads\/2024\/12\/ISO-9001.jpg\" alt=\"\" class=\"wp-image-786\" style=\"width:125px\" srcset=\"https:\/\/www.isopakgroup.com\/wp-content\/uploads\/2024\/12\/ISO-9001.jpg 600w, https:\/\/www.isopakgroup.com\/wp-content\/uploads\/2024\/12\/ISO-9001-300x190.jpg 300w, https:\/\/www.isopakgroup.com\/wp-content\/uploads\/2024\/12\/ISO-9001-416x263.jpg 416w\" sizes=\"auto, (max-width: 600px) 100vw, 600px\" \/><\/figure><\/div>\n\n<p><a href=\"\/wp-content\/uploads\/2024\/12\/Certificato-ISO9001-ISOPAK-ADRIATICA-SPA_2023_scad-2026_IT-EN.pdf\" target=\"_blank\" rel=\"noreferrer noopener\">Pobierz certyfikat ISO9001<\/a><\/p>\n\n<hr class=\"wp-block-separator has-alpha-channel-opacity is-style-wide\" style=\"margin-top:35px;margin-bottom:35px\"\/>\n\n<div class=\"wp-block-image\"><figure class=\"aligncenter size-full is-resized\"><img loading=\"lazy\" decoding=\"async\" width=\"1289\" height=\"734\" src=\"https:\/\/www.isopakgroup.com\/wp-content\/uploads\/2024\/12\/9fdd36ad40fbb6240fc49c3761da5de9.png\" alt=\"\" class=\"wp-image-787\" style=\"width:140px\" srcset=\"https:\/\/www.isopakgroup.com\/wp-content\/uploads\/2024\/12\/9fdd36ad40fbb6240fc49c3761da5de9.png 1289w, https:\/\/www.isopakgroup.com\/wp-content\/uploads\/2024\/12\/9fdd36ad40fbb6240fc49c3761da5de9-300x171.png 300w, https:\/\/www.isopakgroup.com\/wp-content\/uploads\/2024\/12\/9fdd36ad40fbb6240fc49c3761da5de9-1024x583.png 1024w, https:\/\/www.isopakgroup.com\/wp-content\/uploads\/2024\/12\/9fdd36ad40fbb6240fc49c3761da5de9-768x437.png 768w, https:\/\/www.isopakgroup.com\/wp-content\/uploads\/2024\/12\/9fdd36ad40fbb6240fc49c3761da5de9-1200x683.png 1200w, https:\/\/www.isopakgroup.com\/wp-content\/uploads\/2024\/12\/9fdd36ad40fbb6240fc49c3761da5de9-416x237.png 416w\" sizes=\"auto, (max-width: 1289px) 100vw, 1289px\" \/><\/figure><\/div>\n\n<p><a href=\"\/wp-content\/uploads\/2024\/12\/RE0742.pdf\">Pobierz certyfikat Remade (ICQM)<\/a><\/p>\n\n<hr class=\"wp-block-separator has-alpha-channel-opacity is-style-wide\" style=\"margin-top:32px;margin-bottom:32px\"\/>\n\n<div class=\"wp-block-image\"><figure class=\"aligncenter size-large\"><img loading=\"lazy\" decoding=\"async\" width=\"97\" height=\"97\" src=\"https:\/\/www.isopakgroup.com\/wp-content\/uploads\/2024\/12\/Ambiente-politica.svg\" alt=\"\" class=\"wp-image-807\"\/><\/figure><\/div>\n\n<p><a href=\"\/wp-content\/uploads\/2024\/12\/All03_PQSSA-POLITICA-QUALITA-SICUREZZA-AMBIENTE-22.01.2024.pdf\" target=\"_blank\" rel=\"noreferrer noopener\">Pobierz Polityk\u0119 jako\u015bci, bezpiecze\u0144stwa i ochrony \u015brodowiska<\/a><\/p><\/div>\n\n<div class=\"wp-block-column is-vertically-aligned-top is-layout-flow wp-block-column-is-layout-flow\"><div class=\"wp-block-image\"><figure class=\"aligncenter size-large is-resized\"><img loading=\"lazy\" decoding=\"async\" width=\"348\" height=\"161\" src=\"https:\/\/www.isopakgroup.com\/wp-content\/uploads\/2024\/09\/isopak-poland.svg\" alt=\"\" class=\"wp-image-399\" style=\"width:200px\"\/><\/figure><\/div>\n\n<div style=\"height:28px\" aria-hidden=\"true\" class=\"wp-block-spacer\"><\/div>\n\n<div class=\"wp-block-image\"><figure class=\"aligncenter size-full is-resized\"><img loading=\"lazy\" decoding=\"async\" width=\"600\" height=\"380\" src=\"https:\/\/www.isopakgroup.com\/wp-content\/uploads\/2024\/12\/ISO-9001.jpg\" alt=\"\" class=\"wp-image-786\" style=\"width:125px\" srcset=\"https:\/\/www.isopakgroup.com\/wp-content\/uploads\/2024\/12\/ISO-9001.jpg 600w, https:\/\/www.isopakgroup.com\/wp-content\/uploads\/2024\/12\/ISO-9001-300x190.jpg 300w, https:\/\/www.isopakgroup.com\/wp-content\/uploads\/2024\/12\/ISO-9001-416x263.jpg 416w\" sizes=\"auto, (max-width: 600px) 100vw, 600px\" \/><\/figure><\/div>\n\n<p><a href=\"\/wp-content\/uploads\/2024\/12\/Certificate_ISO9001_ISOPAK-POLAND.pdf\" target=\"_blank\" rel=\"noreferrer noopener\">Pobierz certyfikat ISO9001<\/a><\/p>\n\n<hr class=\"wp-block-separator has-alpha-channel-opacity is-style-wide\" style=\"margin-top:32px;margin-bottom:32px\"\/>\n\n<div class=\"wp-block-image\"><figure class=\"aligncenter size-large\"><img loading=\"lazy\" decoding=\"async\" width=\"96\" height=\"97\" src=\"https:\/\/www.isopakgroup.com\/wp-content\/uploads\/2024\/12\/certificato.svg\" alt=\"\" class=\"wp-image-808\"\/><\/figure><\/div>\n\n<p><a href=\"\/wp-content\/uploads\/2024\/12\/Z.003-KJ-Polityka-Jakosci-Isopak-Poland-2023.09.06-v282.pdf\" target=\"_blank\" rel=\"noreferrer noopener\">Pobierz Polityk\u0119 Jako\u015bci<\/a><\/p><\/div>\n\n<div class=\"wp-block-column is-vertically-aligned-top is-layout-flow wp-block-column-is-layout-flow\"><div class=\"wp-block-image\"><figure class=\"aligncenter size-large is-resized\"><img loading=\"lazy\" decoding=\"async\" width=\"180\" height=\"218\" src=\"https:\/\/www.isopakgroup.com\/wp-content\/uploads\/2024\/09\/smi.svg\" alt=\"\" class=\"wp-image-402\" style=\"width:75px\"\/><\/figure><\/div>\n\n<div style=\"height:28px\" aria-hidden=\"true\" class=\"wp-block-spacer\"><\/div>\n\n<div class=\"wp-block-image\"><figure class=\"aligncenter size-full is-resized\"><img loading=\"lazy\" decoding=\"async\" width=\"600\" height=\"380\" src=\"https:\/\/www.isopakgroup.com\/wp-content\/uploads\/2024\/12\/ISO-9001.jpg\" alt=\"\" class=\"wp-image-786\" style=\"width:125px\" srcset=\"https:\/\/www.isopakgroup.com\/wp-content\/uploads\/2024\/12\/ISO-9001.jpg 600w, https:\/\/www.isopakgroup.com\/wp-content\/uploads\/2024\/12\/ISO-9001-300x190.jpg 300w, https:\/\/www.isopakgroup.com\/wp-content\/uploads\/2024\/12\/ISO-9001-416x263.jpg 416w\" sizes=\"auto, (max-width: 600px) 100vw, 600px\" \/><\/figure><\/div>\n\n<p><a href=\"\/wp-content\/uploads\/2024\/12\/Certificato_RINA_ISO9001_until-06.12.2023.pdf\" target=\"_blank\" rel=\"noreferrer noopener\">Pobierz certyfikat ISO9001<\/a><\/p>\n\n<hr class=\"wp-block-separator has-alpha-channel-opacity is-style-wide\" style=\"margin-top:32px;margin-bottom:32px\"\/>\n\n<div class=\"wp-block-image\"><figure class=\"aligncenter size-large\"><img loading=\"lazy\" decoding=\"async\" width=\"96\" height=\"97\" src=\"https:\/\/www.isopakgroup.com\/wp-content\/uploads\/2024\/12\/certificato.svg\" alt=\"\" class=\"wp-image-808\"\/><\/figure><\/div>\n\n<p><a href=\"\/wp-content\/uploads\/2024\/12\/SMI-POLITICA-QUALITA-20.11.2023.pdf\" target=\"_blank\" rel=\"noreferrer noopener\">Pobierz Polityk\u0119 Jako\u015bci<\/a><\/p><\/div><\/div><\/div><\/div>","protected":false},"excerpt":{"rendered":"<p>Pobierz certyfikat ISO9001 Pobierz certyfikat Remade (ICQM) Pobierz Polityk\u0119 jako\u015bci, bezpiecze\u0144stwa i ochrony \u015brodowiska Pobierz certyfikat ISO9001 Pobierz Polityk\u0119 Jako\u015bci Pobierz certyfikat ISO9001 Pobierz Polityk\u0119 Jako\u015bci<\/p>\n","protected":false},"author":1,"featured_media":1113,"parent":0,"menu_order":0,"comment_status":"closed","ping_status":"closed","template":"","meta":{"_acf_changed":false,"footnotes":""},"class_list":["post-1402","page","type-page","status-publish","has-post-thumbnail","hentry"],"acf":[],"yoast_head":"<!-- This site is optimized with the Yoast SEO plugin v24.6 - https:\/\/yoast.com\/wordpress\/plugins\/seo\/ -->\n<title>Nasze certyfikaty - Isopak Group<\/title>\n<meta name=\"robots\" content=\"index, follow, max-snippet:-1, max-image-preview:large, max-video-preview:-1\" \/>\n<link rel=\"canonical\" href=\"https:\/\/www.isopakgroup.com\/pl\/nasze-certyfikaty\/\" \/>\n<meta property=\"og:locale\" content=\"pl_PL\" \/>\n<meta property=\"og:type\" content=\"article\" \/>\n<meta property=\"og:title\" content=\"Nasze certyfikaty - Isopak Group\" \/>\n<meta property=\"og:description\" content=\"Pobierz certyfikat ISO9001 Pobierz certyfikat Remade (ICQM) Pobierz Polityk\u0119 jako\u015bci, bezpiecze\u0144stwa i ochrony \u015brodowiska Pobierz certyfikat ISO9001 Pobierz Polityk\u0119 Jako\u015bci Pobierz certyfikat ISO9001 Pobierz Polityk\u0119 Jako\u015bci\" \/>\n<meta property=\"og:url\" content=\"https:\/\/www.isopakgroup.com\/pl\/nasze-certyfikaty\/\" \/>\n<meta property=\"og:site_name\" content=\"Isopak Group\" \/>\n<meta property=\"article:modified_time\" content=\"2025-01-24T09:13:05+00:00\" \/>\n<meta property=\"og:image\" content=\"https:\/\/www.isopakgroup.com\/wp-content\/uploads\/2024\/09\/Testata_Azienda-scaled.jpg\" \/>\n\t<meta property=\"og:image:width\" content=\"2560\" \/>\n\t<meta property=\"og:image:height\" content=\"560\" \/>\n\t<meta property=\"og:image:type\" content=\"image\/jpeg\" \/>\n<meta name=\"twitter:card\" content=\"summary_large_image\" \/>\n<script type=\"application\/ld+json\" class=\"yoast-schema-graph\">{\"@context\":\"https:\/\/schema.org\",\"@graph\":[{\"@type\":\"WebPage\",\"@id\":\"https:\/\/www.isopakgroup.com\/pl\/nasze-certyfikaty\/\",\"url\":\"https:\/\/www.isopakgroup.com\/pl\/nasze-certyfikaty\/\",\"name\":\"Nasze certyfikaty - Isopak Group\",\"isPartOf\":{\"@id\":\"https:\/\/www.isopakgroup.com\/pl\/#website\"},\"primaryImageOfPage\":{\"@id\":\"https:\/\/www.isopakgroup.com\/pl\/nasze-certyfikaty\/#primaryimage\"},\"image\":{\"@id\":\"https:\/\/www.isopakgroup.com\/pl\/nasze-certyfikaty\/#primaryimage\"},\"thumbnailUrl\":\"https:\/\/www.isopakgroup.com\/wp-content\/uploads\/2024\/09\/Testata_Azienda-scaled.jpg\",\"datePublished\":\"2024-12-05T14:53:47+00:00\",\"dateModified\":\"2025-01-24T09:13:05+00:00\",\"breadcrumb\":{\"@id\":\"https:\/\/www.isopakgroup.com\/pl\/nasze-certyfikaty\/#breadcrumb\"},\"inLanguage\":\"pl-PL\",\"potentialAction\":[{\"@type\":\"ReadAction\",\"target\":[\"https:\/\/www.isopakgroup.com\/pl\/nasze-certyfikaty\/\"]}]},{\"@type\":\"ImageObject\",\"inLanguage\":\"pl-PL\",\"@id\":\"https:\/\/www.isopakgroup.com\/pl\/nasze-certyfikaty\/#primaryimage\",\"url\":\"https:\/\/www.isopakgroup.com\/wp-content\/uploads\/2024\/09\/Testata_Azienda-scaled.jpg\",\"contentUrl\":\"https:\/\/www.isopakgroup.com\/wp-content\/uploads\/2024\/09\/Testata_Azienda-scaled.jpg\",\"width\":2560,\"height\":560},{\"@type\":\"BreadcrumbList\",\"@id\":\"https:\/\/www.isopakgroup.com\/pl\/nasze-certyfikaty\/#breadcrumb\",\"itemListElement\":[{\"@type\":\"ListItem\",\"position\":1,\"name\":\"Home\",\"item\":\"https:\/\/www.isopakgroup.com\/pl\/\"},{\"@type\":\"ListItem\",\"position\":2,\"name\":\"Nasze certyfikaty\"}]},{\"@type\":\"WebSite\",\"@id\":\"https:\/\/www.isopakgroup.com\/pl\/#website\",\"url\":\"https:\/\/www.isopakgroup.com\/pl\/\",\"name\":\"Isopak Group\",\"description\":\"\",\"publisher\":{\"@id\":\"https:\/\/www.isopakgroup.com\/pl\/#organization\"},\"potentialAction\":[{\"@type\":\"SearchAction\",\"target\":{\"@type\":\"EntryPoint\",\"urlTemplate\":\"https:\/\/www.isopakgroup.com\/pl\/?s={search_term_string}\"},\"query-input\":{\"@type\":\"PropertyValueSpecification\",\"valueRequired\":true,\"valueName\":\"search_term_string\"}}],\"inLanguage\":\"pl-PL\"},{\"@type\":\"Organization\",\"@id\":\"https:\/\/www.isopakgroup.com\/pl\/#organization\",\"name\":\"Isopak Group\",\"url\":\"https:\/\/www.isopakgroup.com\/pl\/\",\"logo\":{\"@type\":\"ImageObject\",\"inLanguage\":\"pl-PL\",\"@id\":\"https:\/\/www.isopakgroup.com\/pl\/#\/schema\/logo\/image\/\",\"url\":\"https:\/\/www.isopakgroup.com\/wp-content\/uploads\/2024\/07\/Logo-Header.svg\",\"contentUrl\":\"https:\/\/www.isopakgroup.com\/wp-content\/uploads\/2024\/07\/Logo-Header.svg\",\"width\":185,\"height\":70,\"caption\":\"Isopak Group\"},\"image\":{\"@id\":\"https:\/\/www.isopakgroup.com\/pl\/#\/schema\/logo\/image\/\"}}]}<\/script>\n<!-- \/ Yoast SEO plugin. -->","yoast_head_json":{"title":"Nasze certyfikaty - Isopak Group","robots":{"index":"index","follow":"follow","max-snippet":"max-snippet:-1","max-image-preview":"max-image-preview:large","max-video-preview":"max-video-preview:-1"},"canonical":"https:\/\/www.isopakgroup.com\/pl\/nasze-certyfikaty\/","og_locale":"pl_PL","og_type":"article","og_title":"Nasze certyfikaty - Isopak Group","og_description":"Pobierz certyfikat ISO9001 Pobierz certyfikat Remade (ICQM) Pobierz Polityk\u0119 jako\u015bci, bezpiecze\u0144stwa i ochrony \u015brodowiska Pobierz certyfikat ISO9001 Pobierz Polityk\u0119 Jako\u015bci Pobierz certyfikat ISO9001 Pobierz Polityk\u0119 Jako\u015bci","og_url":"https:\/\/www.isopakgroup.com\/pl\/nasze-certyfikaty\/","og_site_name":"Isopak Group","article_modified_time":"2025-01-24T09:13:05+00:00","og_image":[{"width":2560,"height":560,"url":"https:\/\/www.isopakgroup.com\/wp-content\/uploads\/2024\/09\/Testata_Azienda-scaled.jpg","type":"image\/jpeg"}],"twitter_card":"summary_large_image","schema":{"@context":"https:\/\/schema.org","@graph":[{"@type":"WebPage","@id":"https:\/\/www.isopakgroup.com\/pl\/nasze-certyfikaty\/","url":"https:\/\/www.isopakgroup.com\/pl\/nasze-certyfikaty\/","name":"Nasze certyfikaty - Isopak Group","isPartOf":{"@id":"https:\/\/www.isopakgroup.com\/pl\/#website"},"primaryImageOfPage":{"@id":"https:\/\/www.isopakgroup.com\/pl\/nasze-certyfikaty\/#primaryimage"},"image":{"@id":"https:\/\/www.isopakgroup.com\/pl\/nasze-certyfikaty\/#primaryimage"},"thumbnailUrl":"https:\/\/www.isopakgroup.com\/wp-content\/uploads\/2024\/09\/Testata_Azienda-scaled.jpg","datePublished":"2024-12-05T14:53:47+00:00","dateModified":"2025-01-24T09:13:05+00:00","breadcrumb":{"@id":"https:\/\/www.isopakgroup.com\/pl\/nasze-certyfikaty\/#breadcrumb"},"inLanguage":"pl-PL","potentialAction":[{"@type":"ReadAction","target":["https:\/\/www.isopakgroup.com\/pl\/nasze-certyfikaty\/"]}]},{"@type":"ImageObject","inLanguage":"pl-PL","@id":"https:\/\/www.isopakgroup.com\/pl\/nasze-certyfikaty\/#primaryimage","url":"https:\/\/www.isopakgroup.com\/wp-content\/uploads\/2024\/09\/Testata_Azienda-scaled.jpg","contentUrl":"https:\/\/www.isopakgroup.com\/wp-content\/uploads\/2024\/09\/Testata_Azienda-scaled.jpg","width":2560,"height":560},{"@type":"BreadcrumbList","@id":"https:\/\/www.isopakgroup.com\/pl\/nasze-certyfikaty\/#breadcrumb","itemListElement":[{"@type":"ListItem","position":1,"name":"Home","item":"https:\/\/www.isopakgroup.com\/pl\/"},{"@type":"ListItem","position":2,"name":"Nasze certyfikaty"}]},{"@type":"WebSite","@id":"https:\/\/www.isopakgroup.com\/pl\/#website","url":"https:\/\/www.isopakgroup.com\/pl\/","name":"Isopak Group","description":"","publisher":{"@id":"https:\/\/www.isopakgroup.com\/pl\/#organization"},"potentialAction":[{"@type":"SearchAction","target":{"@type":"EntryPoint","urlTemplate":"https:\/\/www.isopakgroup.com\/pl\/?s={search_term_string}"},"query-input":{"@type":"PropertyValueSpecification","valueRequired":true,"valueName":"search_term_string"}}],"inLanguage":"pl-PL"},{"@type":"Organization","@id":"https:\/\/www.isopakgroup.com\/pl\/#organization","name":"Isopak Group","url":"https:\/\/www.isopakgroup.com\/pl\/","logo":{"@type":"ImageObject","inLanguage":"pl-PL","@id":"https:\/\/www.isopakgroup.com\/pl\/#\/schema\/logo\/image\/","url":"https:\/\/www.isopakgroup.com\/wp-content\/uploads\/2024\/07\/Logo-Header.svg","contentUrl":"https:\/\/www.isopakgroup.com\/wp-content\/uploads\/2024\/07\/Logo-Header.svg","width":185,"height":70,"caption":"Isopak Group"},"image":{"@id":"https:\/\/www.isopakgroup.com\/pl\/#\/schema\/logo\/image\/"}}]}},"_links":{"self":[{"href":"https:\/\/www.isopakgroup.com\/pl\/wp-json\/wp\/v2\/pages\/1402","targetHints":{"allow":["GET"]}}],"collection":[{"href":"https:\/\/www.isopakgroup.com\/pl\/wp-json\/wp\/v2\/pages"}],"about":[{"href":"https:\/\/www.isopakgroup.com\/pl\/wp-json\/wp\/v2\/types\/page"}],"author":[{"embeddable":true,"href":"https:\/\/www.isopakgroup.com\/pl\/wp-json\/wp\/v2\/users\/1"}],"replies":[{"embeddable":true,"href":"https:\/\/www.isopakgroup.com\/pl\/wp-json\/wp\/v2\/comments?post=1402"}],"version-history":[{"count":1,"href":"https:\/\/www.isopakgroup.com\/pl\/wp-json\/wp\/v2\/pages\/1402\/revisions"}],"predecessor-version":[{"id":1403,"href":"https:\/\/www.isopakgroup.com\/pl\/wp-json\/wp\/v2\/pages\/1402\/revisions\/1403"}],"wp:featuredmedia":[{"embeddable":true,"href":"https:\/\/www.isopakgroup.com\/pl\/wp-json\/wp\/v2\/media\/1113"}],"wp:attachment":[{"href":"https:\/\/www.isopakgroup.com\/pl\/wp-json\/wp\/v2\/media?parent=1402"}],"curies":[{"name":"wp","href":"https:\/\/api.w.org\/{rel}","templated":true}]}}