{"id":1387,"date":"2024-09-12T15:11:34","date_gmt":"2024-09-12T13:11:34","guid":{"rendered":"http:\/\/isopakgroup.retinatest.it\/prodotto\/imballi-realizzati-con-la-fresa\/"},"modified":"2025-01-21T17:38:17","modified_gmt":"2025-01-21T16:38:17","slug":"imballi-realizzati-con-la-fresa","status":"publish","type":"product","link":"https:\/\/www.isopakgroup.com\/pl\/branza\/branza-przemyslowa\/imballi-realizzati-con-la-fresa\/","title":{"rendered":"Opakowania wykonane frezark\u0105"},"content":{"rendered":"<p>Isopak jest w stanie zaprojektowa\u0107 i wyprodukowa\u0107 opakowania lub prototypy z EPS, zaczynaj\u0105c od bloku, by przy pomocy frezarki stworzy\u0107 nowe elementy.<\/p>\n<p>Dzi\u0119ki zastosowaniu najnowocze\u015bniejszych maszyn i technologii mo\u017cliwe jest zaspokojenie wszelkich potrzeb, tworz\u0105c opakowania o wymaganych g\u0119sto\u015bciach i wytrzyma\u0142o\u015bciach mechanicznych.<\/p>\n","protected":false},"excerpt":{"rendered":"<p>Isopak jest w stanie zaprojektowa\u0107 i wyprodukowa\u0107 opakowania lub prototypy z EPS, zaczynaj\u0105c od bloku, by przy pomocy frezarki stworzy\u0107 nowe elementy. Dzi\u0119ki zastosowaniu najnowocze\u015bniejszych maszyn i technologii mo\u017cliwe jest zaspokojenie wszelkich potrzeb, tworz\u0105c opakowania o wymaganych g\u0119sto\u015bciach i wytrzyma\u0142o\u015bciach mechanicznych.<\/p>\n","protected":false},"featured_media":1107,"template":"","meta":{"_acf_changed":false},"product_brand":[],"product_cat":[106,107,111,109,112,108,110],"product_tag":[],"class_list":{"0":"post-1387","1":"product","2":"type-product","3":"status-publish","4":"has-post-thumbnail","6":"product_cat-branza-przemyslowa","7":"product_cat-agd","8":"product_cat-branza-cowig","9":"product_cat-branza-farmaceutyczna","10":"product_cat-hobby","11":"product_cat-branza-meblarska","12":"product_cat-branza-motoryzacyjna","14":"first","15":"instock","16":"shipping-taxable","17":"product-type-simple"},"acf":[],"yoast_head":"<!-- This site is optimized with the Yoast SEO plugin v24.6 - https:\/\/yoast.com\/wordpress\/plugins\/seo\/ -->\n<title>Opakowania wykonane frezark\u0105 - Isopak Group<\/title>\n<meta name=\"robots\" content=\"index, follow, max-snippet:-1, max-image-preview:large, max-video-preview:-1\" \/>\n<link rel=\"canonical\" href=\"https:\/\/www.isopakgroup.com\/pl\/branza\/branza-przemyslowa\/imballi-realizzati-con-la-fresa\/\" \/>\n<meta property=\"og:locale\" content=\"pl_PL\" \/>\n<meta property=\"og:type\" content=\"article\" \/>\n<meta property=\"og:title\" content=\"Opakowania wykonane frezark\u0105 - Isopak Group\" \/>\n<meta property=\"og:description\" content=\"Isopak jest w stanie zaprojektowa\u0107 i wyprodukowa\u0107 opakowania lub prototypy z EPS, zaczynaj\u0105c od bloku, by przy pomocy frezarki stworzy\u0107 nowe elementy. Dzi\u0119ki zastosowaniu najnowocze\u015bniejszych maszyn i technologii mo\u017cliwe jest zaspokojenie wszelkich potrzeb, tworz\u0105c opakowania o wymaganych g\u0119sto\u015bciach i wytrzyma\u0142o\u015bciach mechanicznych.\" \/>\n<meta property=\"og:url\" content=\"https:\/\/www.isopakgroup.com\/pl\/branza\/branza-przemyslowa\/imballi-realizzati-con-la-fresa\/\" \/>\n<meta property=\"og:site_name\" content=\"Isopak Group\" \/>\n<meta property=\"article:modified_time\" content=\"2025-01-21T16:38:17+00:00\" \/>\n<meta property=\"og:image\" content=\"https:\/\/www.isopakgroup.com\/wp-content\/uploads\/2024\/09\/slider-imballo-filo-prodotti_4_ok2.jpg\" \/>\n\t<meta property=\"og:image:width\" content=\"1000\" \/>\n\t<meta property=\"og:image:height\" content=\"667\" \/>\n\t<meta property=\"og:image:type\" content=\"image\/jpeg\" \/>\n<meta name=\"twitter:card\" content=\"summary_large_image\" \/>\n<script type=\"application\/ld+json\" class=\"yoast-schema-graph\">{\"@context\":\"https:\/\/schema.org\",\"@graph\":[{\"@type\":\"WebPage\",\"@id\":\"https:\/\/www.isopakgroup.com\/pl\/branza\/branza-przemyslowa\/imballi-realizzati-con-la-fresa\/\",\"url\":\"https:\/\/www.isopakgroup.com\/pl\/branza\/branza-przemyslowa\/imballi-realizzati-con-la-fresa\/\",\"name\":\"Opakowania wykonane frezark\u0105 - Isopak Group\",\"isPartOf\":{\"@id\":\"https:\/\/www.isopakgroup.com\/pl\/#website\"},\"primaryImageOfPage\":{\"@id\":\"https:\/\/www.isopakgroup.com\/pl\/branza\/branza-przemyslowa\/imballi-realizzati-con-la-fresa\/#primaryimage\"},\"image\":{\"@id\":\"https:\/\/www.isopakgroup.com\/pl\/branza\/branza-przemyslowa\/imballi-realizzati-con-la-fresa\/#primaryimage\"},\"thumbnailUrl\":\"https:\/\/www.isopakgroup.com\/wp-content\/uploads\/2024\/09\/slider-imballo-filo-prodotti_4_ok2.jpg\",\"datePublished\":\"2024-09-12T13:11:34+00:00\",\"dateModified\":\"2025-01-21T16:38:17+00:00\",\"breadcrumb\":{\"@id\":\"https:\/\/www.isopakgroup.com\/pl\/branza\/branza-przemyslowa\/imballi-realizzati-con-la-fresa\/#breadcrumb\"},\"inLanguage\":\"pl-PL\",\"potentialAction\":[{\"@type\":\"ReadAction\",\"target\":[\"https:\/\/www.isopakgroup.com\/pl\/branza\/branza-przemyslowa\/imballi-realizzati-con-la-fresa\/\"]}]},{\"@type\":\"ImageObject\",\"inLanguage\":\"pl-PL\",\"@id\":\"https:\/\/www.isopakgroup.com\/pl\/branza\/branza-przemyslowa\/imballi-realizzati-con-la-fresa\/#primaryimage\",\"url\":\"https:\/\/www.isopakgroup.com\/wp-content\/uploads\/2024\/09\/slider-imballo-filo-prodotti_4_ok2.jpg\",\"contentUrl\":\"https:\/\/www.isopakgroup.com\/wp-content\/uploads\/2024\/09\/slider-imballo-filo-prodotti_4_ok2.jpg\",\"width\":1000,\"height\":667},{\"@type\":\"BreadcrumbList\",\"@id\":\"https:\/\/www.isopakgroup.com\/pl\/branza\/branza-przemyslowa\/imballi-realizzati-con-la-fresa\/#breadcrumb\",\"itemListElement\":[{\"@type\":\"ListItem\",\"position\":1,\"name\":\"Home\",\"item\":\"https:\/\/www.isopakgroup.com\/pl\/\"},{\"@type\":\"ListItem\",\"position\":2,\"name\":\"Bran\u017ce\",\"item\":\"https:\/\/www.isopakgroup.com\/pl\/branze\/\"},{\"@type\":\"ListItem\",\"position\":3,\"name\":\"Przemys\u0142owa\",\"item\":\"https:\/\/www.isopakgroup.com\/pl\/kategorie-produktu\/branza-przemyslowa\/\"},{\"@type\":\"ListItem\",\"position\":4,\"name\":\"Opakowania wykonane frezark\u0105\"}]},{\"@type\":\"WebSite\",\"@id\":\"https:\/\/www.isopakgroup.com\/pl\/#website\",\"url\":\"https:\/\/www.isopakgroup.com\/pl\/\",\"name\":\"Isopak Group\",\"description\":\"\",\"publisher\":{\"@id\":\"https:\/\/www.isopakgroup.com\/pl\/#organization\"},\"potentialAction\":[{\"@type\":\"SearchAction\",\"target\":{\"@type\":\"EntryPoint\",\"urlTemplate\":\"https:\/\/www.isopakgroup.com\/pl\/?s={search_term_string}\"},\"query-input\":{\"@type\":\"PropertyValueSpecification\",\"valueRequired\":true,\"valueName\":\"search_term_string\"}}],\"inLanguage\":\"pl-PL\"},{\"@type\":\"Organization\",\"@id\":\"https:\/\/www.isopakgroup.com\/pl\/#organization\",\"name\":\"Isopak Group\",\"url\":\"https:\/\/www.isopakgroup.com\/pl\/\",\"logo\":{\"@type\":\"ImageObject\",\"inLanguage\":\"pl-PL\",\"@id\":\"https:\/\/www.isopakgroup.com\/pl\/#\/schema\/logo\/image\/\",\"url\":\"https:\/\/www.isopakgroup.com\/wp-content\/uploads\/2024\/07\/Logo-Header.svg\",\"contentUrl\":\"https:\/\/www.isopakgroup.com\/wp-content\/uploads\/2024\/07\/Logo-Header.svg\",\"width\":185,\"height\":70,\"caption\":\"Isopak Group\"},\"image\":{\"@id\":\"https:\/\/www.isopakgroup.com\/pl\/#\/schema\/logo\/image\/\"}}]}<\/script>\n<!-- \/ Yoast SEO plugin. -->","yoast_head_json":{"title":"Opakowania wykonane frezark\u0105 - Isopak Group","robots":{"index":"index","follow":"follow","max-snippet":"max-snippet:-1","max-image-preview":"max-image-preview:large","max-video-preview":"max-video-preview:-1"},"canonical":"https:\/\/www.isopakgroup.com\/pl\/branza\/branza-przemyslowa\/imballi-realizzati-con-la-fresa\/","og_locale":"pl_PL","og_type":"article","og_title":"Opakowania wykonane frezark\u0105 - Isopak Group","og_description":"Isopak jest w stanie zaprojektowa\u0107 i wyprodukowa\u0107 opakowania lub prototypy z EPS, zaczynaj\u0105c od bloku, by przy pomocy frezarki stworzy\u0107 nowe elementy. Dzi\u0119ki zastosowaniu najnowocze\u015bniejszych maszyn i technologii mo\u017cliwe jest zaspokojenie wszelkich potrzeb, tworz\u0105c opakowania o wymaganych g\u0119sto\u015bciach i wytrzyma\u0142o\u015bciach mechanicznych.","og_url":"https:\/\/www.isopakgroup.com\/pl\/branza\/branza-przemyslowa\/imballi-realizzati-con-la-fresa\/","og_site_name":"Isopak Group","article_modified_time":"2025-01-21T16:38:17+00:00","og_image":[{"width":1000,"height":667,"url":"https:\/\/www.isopakgroup.com\/wp-content\/uploads\/2024\/09\/slider-imballo-filo-prodotti_4_ok2.jpg","type":"image\/jpeg"}],"twitter_card":"summary_large_image","schema":{"@context":"https:\/\/schema.org","@graph":[{"@type":"WebPage","@id":"https:\/\/www.isopakgroup.com\/pl\/branza\/branza-przemyslowa\/imballi-realizzati-con-la-fresa\/","url":"https:\/\/www.isopakgroup.com\/pl\/branza\/branza-przemyslowa\/imballi-realizzati-con-la-fresa\/","name":"Opakowania wykonane frezark\u0105 - Isopak Group","isPartOf":{"@id":"https:\/\/www.isopakgroup.com\/pl\/#website"},"primaryImageOfPage":{"@id":"https:\/\/www.isopakgroup.com\/pl\/branza\/branza-przemyslowa\/imballi-realizzati-con-la-fresa\/#primaryimage"},"image":{"@id":"https:\/\/www.isopakgroup.com\/pl\/branza\/branza-przemyslowa\/imballi-realizzati-con-la-fresa\/#primaryimage"},"thumbnailUrl":"https:\/\/www.isopakgroup.com\/wp-content\/uploads\/2024\/09\/slider-imballo-filo-prodotti_4_ok2.jpg","datePublished":"2024-09-12T13:11:34+00:00","dateModified":"2025-01-21T16:38:17+00:00","breadcrumb":{"@id":"https:\/\/www.isopakgroup.com\/pl\/branza\/branza-przemyslowa\/imballi-realizzati-con-la-fresa\/#breadcrumb"},"inLanguage":"pl-PL","potentialAction":[{"@type":"ReadAction","target":["https:\/\/www.isopakgroup.com\/pl\/branza\/branza-przemyslowa\/imballi-realizzati-con-la-fresa\/"]}]},{"@type":"ImageObject","inLanguage":"pl-PL","@id":"https:\/\/www.isopakgroup.com\/pl\/branza\/branza-przemyslowa\/imballi-realizzati-con-la-fresa\/#primaryimage","url":"https:\/\/www.isopakgroup.com\/wp-content\/uploads\/2024\/09\/slider-imballo-filo-prodotti_4_ok2.jpg","contentUrl":"https:\/\/www.isopakgroup.com\/wp-content\/uploads\/2024\/09\/slider-imballo-filo-prodotti_4_ok2.jpg","width":1000,"height":667},{"@type":"BreadcrumbList","@id":"https:\/\/www.isopakgroup.com\/pl\/branza\/branza-przemyslowa\/imballi-realizzati-con-la-fresa\/#breadcrumb","itemListElement":[{"@type":"ListItem","position":1,"name":"Home","item":"https:\/\/www.isopakgroup.com\/pl\/"},{"@type":"ListItem","position":2,"name":"Bran\u017ce","item":"https:\/\/www.isopakgroup.com\/pl\/branze\/"},{"@type":"ListItem","position":3,"name":"Przemys\u0142owa","item":"https:\/\/www.isopakgroup.com\/pl\/kategorie-produktu\/branza-przemyslowa\/"},{"@type":"ListItem","position":4,"name":"Opakowania wykonane frezark\u0105"}]},{"@type":"WebSite","@id":"https:\/\/www.isopakgroup.com\/pl\/#website","url":"https:\/\/www.isopakgroup.com\/pl\/","name":"Isopak Group","description":"","publisher":{"@id":"https:\/\/www.isopakgroup.com\/pl\/#organization"},"potentialAction":[{"@type":"SearchAction","target":{"@type":"EntryPoint","urlTemplate":"https:\/\/www.isopakgroup.com\/pl\/?s={search_term_string}"},"query-input":{"@type":"PropertyValueSpecification","valueRequired":true,"valueName":"search_term_string"}}],"inLanguage":"pl-PL"},{"@type":"Organization","@id":"https:\/\/www.isopakgroup.com\/pl\/#organization","name":"Isopak Group","url":"https:\/\/www.isopakgroup.com\/pl\/","logo":{"@type":"ImageObject","inLanguage":"pl-PL","@id":"https:\/\/www.isopakgroup.com\/pl\/#\/schema\/logo\/image\/","url":"https:\/\/www.isopakgroup.com\/wp-content\/uploads\/2024\/07\/Logo-Header.svg","contentUrl":"https:\/\/www.isopakgroup.com\/wp-content\/uploads\/2024\/07\/Logo-Header.svg","width":185,"height":70,"caption":"Isopak Group"},"image":{"@id":"https:\/\/www.isopakgroup.com\/pl\/#\/schema\/logo\/image\/"}}]}},"_links":{"self":[{"href":"https:\/\/www.isopakgroup.com\/pl\/wp-json\/wp\/v2\/product\/1387","targetHints":{"allow":["GET"]}}],"collection":[{"href":"https:\/\/www.isopakgroup.com\/pl\/wp-json\/wp\/v2\/product"}],"about":[{"href":"https:\/\/www.isopakgroup.com\/pl\/wp-json\/wp\/v2\/types\/product"}],"wp:featuredmedia":[{"embeddable":true,"href":"https:\/\/www.isopakgroup.com\/pl\/wp-json\/wp\/v2\/media\/1107"}],"wp:attachment":[{"href":"https:\/\/www.isopakgroup.com\/pl\/wp-json\/wp\/v2\/media?parent=1387"}],"wp:term":[{"taxonomy":"product_brand","embeddable":true,"href":"https:\/\/www.isopakgroup.com\/pl\/wp-json\/wp\/v2\/product_brand?post=1387"},{"taxonomy":"product_cat","embeddable":true,"href":"https:\/\/www.isopakgroup.com\/pl\/wp-json\/wp\/v2\/product_cat?post=1387"},{"taxonomy":"product_tag","embeddable":true,"href":"https:\/\/www.isopakgroup.com\/pl\/wp-json\/wp\/v2\/product_tag?post=1387"}],"curies":[{"name":"wp","href":"https:\/\/api.w.org\/{rel}","templated":true}]}}