{"id":1388,"date":"2024-09-12T15:17:48","date_gmt":"2024-09-12T13:17:48","guid":{"rendered":"http:\/\/isopakgroup.retinatest.it\/prodotto\/komponenty\/"},"modified":"2025-01-20T12:57:42","modified_gmt":"2025-01-20T11:57:42","slug":"komponenty","status":"publish","type":"product","link":"https:\/\/www.isopakgroup.com\/pl\/branza\/branza-przemyslowa\/komponenty\/","title":{"rendered":"Komponenty"},"content":{"rendered":"<p>Nie tylko opakowania. W Isopaku znajdziesz rozwi\u0105zania dostosowane do potrzeb r\u00f3\u017cnych sektor\u00f3w. Nasze komponenty EPS, EPP i Piocelan, dzi\u0119ki swoim w\u0142a\u015bciwo\u015bciom, s\u0105 szeroko stosowane np. w bran\u017cy motoryzacyjnej, gdy\u017c gwarantuj\u0105 wyj\u0105tkow\u0105 amortyzacj\u0119. W sektorze COWiG gwarantuj\u0105 nie tylko izolacj\u0119 termiczn\u0105 i akustyczn\u0105, ale tak\u017ce lekko\u015b\u0107 i elastyczno\u015b\u0107. Chroni\u0105 i optymalizuj\u0105 dzia\u0142anie kluczowych podzespo\u0142\u00f3w, takich jak pompy, zawory i wymienniki ciep\u0142a. Stanowi\u0105 niezawodne i innowacyjne rozwi\u0105zanie umo\u017cliwiaj\u0105ce efektywne i zr\u00f3wnowa\u017cone zarz\u0105dzanie.<br \/>\nZespo\u0142y projektowe pracuj\u0105ce w naszych biurach technicznych s\u0105 w stanie znale\u017a\u0107 rozwi\u0105zanie na ka\u017cde \u017c\u0105danie, \u0142\u0105cz\u0105c kreatywno\u015b\u0107 i know-how, opracowuj\u0105c projekty szyte na miar\u0119 dla ka\u017cdego klienta. Obecno\u015b\u0107 w grupie sp\u00f3\u0142ki SMI S.r.l., specjalizuj\u0105cej si\u0119 w precyzyjnej obr\u00f3bce mechanicznej, pozwala Isopakowi projektowa\u0107 i produkowa\u0107 formy niezb\u0119dne do obr\u00f3bki EPS i EPP, zapewniaj\u0105c kompleksow\u0105 obs\u0142ug\u0119 ca\u0142kowicie wewn\u0105trz firmy.<br \/>\nAspekt ten gwarantuje wysoki poziom kontroli procesu produkcyjnego, mo\u017cliwo\u015b\u0107 monitorowania i koordynowania ka\u017cdego etapu oraz wysok\u0105 jako\u015b\u0107 gotowego produktu.<br \/>\nOd projektu po realizacj\u0119, oferujemy rozwi\u0105zania szyte na miar\u0119, spe\u0142niaj\u0105ce wszystkie Twoje potrzeby.<\/p>\n","protected":false},"excerpt":{"rendered":"<p>Nie tylko opakowania. W Isopaku znajdziesz rozwi\u0105zania dostosowane do potrzeb r\u00f3\u017cnych sektor\u00f3w. Nasze komponenty EPS, EPP i Piocelan, dzi\u0119ki swoim w\u0142a\u015bciwo\u015bciom, s\u0105 szeroko stosowane np. w bran\u017cy motoryzacyjnej, gdy\u017c gwarantuj\u0105 wyj\u0105tkow\u0105 amortyzacj\u0119. W sektorze COWiG gwarantuj\u0105 nie tylko izolacj\u0119 termiczn\u0105 i akustyczn\u0105, ale tak\u017ce lekko\u015b\u0107 i elastyczno\u015b\u0107. Chroni\u0105 i optymalizuj\u0105 dzia\u0142anie kluczowych podzespo\u0142\u00f3w, takich jak [&hellip;]<\/p>\n","protected":false},"featured_media":1278,"template":"","meta":{"_acf_changed":false},"product_brand":[],"product_cat":[106,107,113,111,112,110],"product_tag":[],"class_list":{"0":"post-1388","1":"product","2":"type-product","3":"status-publish","4":"has-post-thumbnail","6":"product_cat-branza-przemyslowa","7":"product_cat-agd","8":"product_cat-branza-budowlana","9":"product_cat-branza-cowig","10":"product_cat-hobby","11":"product_cat-branza-motoryzacyjna","13":"first","14":"instock","15":"shipping-taxable","16":"product-type-simple"},"acf":[],"yoast_head":"<!-- This site is optimized with the Yoast SEO plugin v24.6 - https:\/\/yoast.com\/wordpress\/plugins\/seo\/ -->\n<title>Komponenty - Isopak Group<\/title>\n<meta name=\"robots\" content=\"index, follow, max-snippet:-1, max-image-preview:large, max-video-preview:-1\" \/>\n<link rel=\"canonical\" href=\"https:\/\/www.isopakgroup.com\/pl\/branza\/branza-przemyslowa\/komponenty\/\" \/>\n<meta property=\"og:locale\" content=\"pl_PL\" \/>\n<meta property=\"og:type\" content=\"article\" \/>\n<meta property=\"og:title\" content=\"Komponenty - Isopak Group\" \/>\n<meta property=\"og:description\" content=\"Nie tylko opakowania. W Isopaku znajdziesz rozwi\u0105zania dostosowane do potrzeb r\u00f3\u017cnych sektor\u00f3w. Nasze komponenty EPS, EPP i Piocelan, dzi\u0119ki swoim w\u0142a\u015bciwo\u015bciom, s\u0105 szeroko stosowane np. w bran\u017cy motoryzacyjnej, gdy\u017c gwarantuj\u0105 wyj\u0105tkow\u0105 amortyzacj\u0119. W sektorze COWiG gwarantuj\u0105 nie tylko izolacj\u0119 termiczn\u0105 i akustyczn\u0105, ale tak\u017ce lekko\u015b\u0107 i elastyczno\u015b\u0107. Chroni\u0105 i optymalizuj\u0105 dzia\u0142anie kluczowych podzespo\u0142\u00f3w, takich jak [&hellip;]\" \/>\n<meta property=\"og:url\" content=\"https:\/\/www.isopakgroup.com\/pl\/branza\/branza-przemyslowa\/komponenty\/\" \/>\n<meta property=\"og:site_name\" content=\"Isopak Group\" \/>\n<meta property=\"article:modified_time\" content=\"2025-01-20T11:57:42+00:00\" \/>\n<meta property=\"og:image\" content=\"https:\/\/www.isopakgroup.com\/wp-content\/uploads\/2024\/09\/Composit-isopak_ok-1.jpg\" \/>\n\t<meta property=\"og:image:width\" content=\"1000\" \/>\n\t<meta property=\"og:image:height\" content=\"1000\" \/>\n\t<meta property=\"og:image:type\" content=\"image\/jpeg\" \/>\n<meta name=\"twitter:card\" content=\"summary_large_image\" \/>\n<meta name=\"twitter:label1\" content=\"Szacowany czas czytania\" \/>\n\t<meta name=\"twitter:data1\" content=\"1 minuta\" \/>\n<script type=\"application\/ld+json\" class=\"yoast-schema-graph\">{\"@context\":\"https:\/\/schema.org\",\"@graph\":[{\"@type\":\"WebPage\",\"@id\":\"https:\/\/www.isopakgroup.com\/pl\/branza\/branza-przemyslowa\/komponenty\/\",\"url\":\"https:\/\/www.isopakgroup.com\/pl\/branza\/branza-przemyslowa\/komponenty\/\",\"name\":\"Komponenty - Isopak Group\",\"isPartOf\":{\"@id\":\"https:\/\/www.isopakgroup.com\/pl\/#website\"},\"primaryImageOfPage\":{\"@id\":\"https:\/\/www.isopakgroup.com\/pl\/branza\/branza-przemyslowa\/komponenty\/#primaryimage\"},\"image\":{\"@id\":\"https:\/\/www.isopakgroup.com\/pl\/branza\/branza-przemyslowa\/komponenty\/#primaryimage\"},\"thumbnailUrl\":\"https:\/\/www.isopakgroup.com\/wp-content\/uploads\/2024\/09\/Composit-isopak_ok-1.jpg\",\"datePublished\":\"2024-09-12T13:17:48+00:00\",\"dateModified\":\"2025-01-20T11:57:42+00:00\",\"breadcrumb\":{\"@id\":\"https:\/\/www.isopakgroup.com\/pl\/branza\/branza-przemyslowa\/komponenty\/#breadcrumb\"},\"inLanguage\":\"pl-PL\",\"potentialAction\":[{\"@type\":\"ReadAction\",\"target\":[\"https:\/\/www.isopakgroup.com\/pl\/branza\/branza-przemyslowa\/komponenty\/\"]}]},{\"@type\":\"ImageObject\",\"inLanguage\":\"pl-PL\",\"@id\":\"https:\/\/www.isopakgroup.com\/pl\/branza\/branza-przemyslowa\/komponenty\/#primaryimage\",\"url\":\"https:\/\/www.isopakgroup.com\/wp-content\/uploads\/2024\/09\/Composit-isopak_ok-1.jpg\",\"contentUrl\":\"https:\/\/www.isopakgroup.com\/wp-content\/uploads\/2024\/09\/Composit-isopak_ok-1.jpg\",\"width\":1000,\"height\":1000},{\"@type\":\"BreadcrumbList\",\"@id\":\"https:\/\/www.isopakgroup.com\/pl\/branza\/branza-przemyslowa\/komponenty\/#breadcrumb\",\"itemListElement\":[{\"@type\":\"ListItem\",\"position\":1,\"name\":\"Home\",\"item\":\"https:\/\/www.isopakgroup.com\/pl\/\"},{\"@type\":\"ListItem\",\"position\":2,\"name\":\"Bran\u017ce\",\"item\":\"https:\/\/www.isopakgroup.com\/pl\/branze\/\"},{\"@type\":\"ListItem\",\"position\":3,\"name\":\"Przemys\u0142owa\",\"item\":\"https:\/\/www.isopakgroup.com\/pl\/kategorie-produktu\/branza-przemyslowa\/\"},{\"@type\":\"ListItem\",\"position\":4,\"name\":\"Komponenty\"}]},{\"@type\":\"WebSite\",\"@id\":\"https:\/\/www.isopakgroup.com\/pl\/#website\",\"url\":\"https:\/\/www.isopakgroup.com\/pl\/\",\"name\":\"Isopak Group\",\"description\":\"\",\"publisher\":{\"@id\":\"https:\/\/www.isopakgroup.com\/pl\/#organization\"},\"potentialAction\":[{\"@type\":\"SearchAction\",\"target\":{\"@type\":\"EntryPoint\",\"urlTemplate\":\"https:\/\/www.isopakgroup.com\/pl\/?s={search_term_string}\"},\"query-input\":{\"@type\":\"PropertyValueSpecification\",\"valueRequired\":true,\"valueName\":\"search_term_string\"}}],\"inLanguage\":\"pl-PL\"},{\"@type\":\"Organization\",\"@id\":\"https:\/\/www.isopakgroup.com\/pl\/#organization\",\"name\":\"Isopak Group\",\"url\":\"https:\/\/www.isopakgroup.com\/pl\/\",\"logo\":{\"@type\":\"ImageObject\",\"inLanguage\":\"pl-PL\",\"@id\":\"https:\/\/www.isopakgroup.com\/pl\/#\/schema\/logo\/image\/\",\"url\":\"https:\/\/www.isopakgroup.com\/wp-content\/uploads\/2024\/07\/Logo-Header.svg\",\"contentUrl\":\"https:\/\/www.isopakgroup.com\/wp-content\/uploads\/2024\/07\/Logo-Header.svg\",\"width\":185,\"height\":70,\"caption\":\"Isopak Group\"},\"image\":{\"@id\":\"https:\/\/www.isopakgroup.com\/pl\/#\/schema\/logo\/image\/\"}}]}<\/script>\n<!-- \/ Yoast SEO plugin. -->","yoast_head_json":{"title":"Komponenty - Isopak Group","robots":{"index":"index","follow":"follow","max-snippet":"max-snippet:-1","max-image-preview":"max-image-preview:large","max-video-preview":"max-video-preview:-1"},"canonical":"https:\/\/www.isopakgroup.com\/pl\/branza\/branza-przemyslowa\/komponenty\/","og_locale":"pl_PL","og_type":"article","og_title":"Komponenty - Isopak Group","og_description":"Nie tylko opakowania. W Isopaku znajdziesz rozwi\u0105zania dostosowane do potrzeb r\u00f3\u017cnych sektor\u00f3w. Nasze komponenty EPS, EPP i Piocelan, dzi\u0119ki swoim w\u0142a\u015bciwo\u015bciom, s\u0105 szeroko stosowane np. w bran\u017cy motoryzacyjnej, gdy\u017c gwarantuj\u0105 wyj\u0105tkow\u0105 amortyzacj\u0119. W sektorze COWiG gwarantuj\u0105 nie tylko izolacj\u0119 termiczn\u0105 i akustyczn\u0105, ale tak\u017ce lekko\u015b\u0107 i elastyczno\u015b\u0107. Chroni\u0105 i optymalizuj\u0105 dzia\u0142anie kluczowych podzespo\u0142\u00f3w, takich jak [&hellip;]","og_url":"https:\/\/www.isopakgroup.com\/pl\/branza\/branza-przemyslowa\/komponenty\/","og_site_name":"Isopak Group","article_modified_time":"2025-01-20T11:57:42+00:00","og_image":[{"width":1000,"height":1000,"url":"https:\/\/www.isopakgroup.com\/wp-content\/uploads\/2024\/09\/Composit-isopak_ok-1.jpg","type":"image\/jpeg"}],"twitter_card":"summary_large_image","twitter_misc":{"Szacowany czas czytania":"1 minuta"},"schema":{"@context":"https:\/\/schema.org","@graph":[{"@type":"WebPage","@id":"https:\/\/www.isopakgroup.com\/pl\/branza\/branza-przemyslowa\/komponenty\/","url":"https:\/\/www.isopakgroup.com\/pl\/branza\/branza-przemyslowa\/komponenty\/","name":"Komponenty - Isopak Group","isPartOf":{"@id":"https:\/\/www.isopakgroup.com\/pl\/#website"},"primaryImageOfPage":{"@id":"https:\/\/www.isopakgroup.com\/pl\/branza\/branza-przemyslowa\/komponenty\/#primaryimage"},"image":{"@id":"https:\/\/www.isopakgroup.com\/pl\/branza\/branza-przemyslowa\/komponenty\/#primaryimage"},"thumbnailUrl":"https:\/\/www.isopakgroup.com\/wp-content\/uploads\/2024\/09\/Composit-isopak_ok-1.jpg","datePublished":"2024-09-12T13:17:48+00:00","dateModified":"2025-01-20T11:57:42+00:00","breadcrumb":{"@id":"https:\/\/www.isopakgroup.com\/pl\/branza\/branza-przemyslowa\/komponenty\/#breadcrumb"},"inLanguage":"pl-PL","potentialAction":[{"@type":"ReadAction","target":["https:\/\/www.isopakgroup.com\/pl\/branza\/branza-przemyslowa\/komponenty\/"]}]},{"@type":"ImageObject","inLanguage":"pl-PL","@id":"https:\/\/www.isopakgroup.com\/pl\/branza\/branza-przemyslowa\/komponenty\/#primaryimage","url":"https:\/\/www.isopakgroup.com\/wp-content\/uploads\/2024\/09\/Composit-isopak_ok-1.jpg","contentUrl":"https:\/\/www.isopakgroup.com\/wp-content\/uploads\/2024\/09\/Composit-isopak_ok-1.jpg","width":1000,"height":1000},{"@type":"BreadcrumbList","@id":"https:\/\/www.isopakgroup.com\/pl\/branza\/branza-przemyslowa\/komponenty\/#breadcrumb","itemListElement":[{"@type":"ListItem","position":1,"name":"Home","item":"https:\/\/www.isopakgroup.com\/pl\/"},{"@type":"ListItem","position":2,"name":"Bran\u017ce","item":"https:\/\/www.isopakgroup.com\/pl\/branze\/"},{"@type":"ListItem","position":3,"name":"Przemys\u0142owa","item":"https:\/\/www.isopakgroup.com\/pl\/kategorie-produktu\/branza-przemyslowa\/"},{"@type":"ListItem","position":4,"name":"Komponenty"}]},{"@type":"WebSite","@id":"https:\/\/www.isopakgroup.com\/pl\/#website","url":"https:\/\/www.isopakgroup.com\/pl\/","name":"Isopak Group","description":"","publisher":{"@id":"https:\/\/www.isopakgroup.com\/pl\/#organization"},"potentialAction":[{"@type":"SearchAction","target":{"@type":"EntryPoint","urlTemplate":"https:\/\/www.isopakgroup.com\/pl\/?s={search_term_string}"},"query-input":{"@type":"PropertyValueSpecification","valueRequired":true,"valueName":"search_term_string"}}],"inLanguage":"pl-PL"},{"@type":"Organization","@id":"https:\/\/www.isopakgroup.com\/pl\/#organization","name":"Isopak Group","url":"https:\/\/www.isopakgroup.com\/pl\/","logo":{"@type":"ImageObject","inLanguage":"pl-PL","@id":"https:\/\/www.isopakgroup.com\/pl\/#\/schema\/logo\/image\/","url":"https:\/\/www.isopakgroup.com\/wp-content\/uploads\/2024\/07\/Logo-Header.svg","contentUrl":"https:\/\/www.isopakgroup.com\/wp-content\/uploads\/2024\/07\/Logo-Header.svg","width":185,"height":70,"caption":"Isopak Group"},"image":{"@id":"https:\/\/www.isopakgroup.com\/pl\/#\/schema\/logo\/image\/"}}]}},"_links":{"self":[{"href":"https:\/\/www.isopakgroup.com\/pl\/wp-json\/wp\/v2\/product\/1388","targetHints":{"allow":["GET"]}}],"collection":[{"href":"https:\/\/www.isopakgroup.com\/pl\/wp-json\/wp\/v2\/product"}],"about":[{"href":"https:\/\/www.isopakgroup.com\/pl\/wp-json\/wp\/v2\/types\/product"}],"wp:featuredmedia":[{"embeddable":true,"href":"https:\/\/www.isopakgroup.com\/pl\/wp-json\/wp\/v2\/media\/1278"}],"wp:attachment":[{"href":"https:\/\/www.isopakgroup.com\/pl\/wp-json\/wp\/v2\/media?parent=1388"}],"wp:term":[{"taxonomy":"product_brand","embeddable":true,"href":"https:\/\/www.isopakgroup.com\/pl\/wp-json\/wp\/v2\/product_brand?post=1388"},{"taxonomy":"product_cat","embeddable":true,"href":"https:\/\/www.isopakgroup.com\/pl\/wp-json\/wp\/v2\/product_cat?post=1388"},{"taxonomy":"product_tag","embeddable":true,"href":"https:\/\/www.isopakgroup.com\/pl\/wp-json\/wp\/v2\/product_tag?post=1388"}],"curies":[{"name":"wp","href":"https:\/\/api.w.org\/{rel}","templated":true}]}}