{"id":1390,"date":"2024-09-12T15:19:34","date_gmt":"2024-09-12T13:19:34","guid":{"rendered":"http:\/\/isopakgroup.retinatest.it\/prodotto\/szalunki-eps\/"},"modified":"2025-01-21T17:34:18","modified_gmt":"2025-01-21T16:34:18","slug":"szalunki-eps","status":"publish","type":"product","link":"https:\/\/www.isopakgroup.com\/pl\/branza\/branza-budowlana\/szalunki-eps\/","title":{"rendered":"Szalunki EPS"},"content":{"rendered":"<p>EPS jest jednym z najcz\u0119\u015bciej stosowanych materia\u0142\u00f3w izolacyjnych w budownictwie.<br \/>\nNadaje si\u0119 do niemal wszystkich prac izolacyjnych, zar\u00f3wno przy pracach remontowych, jak i przy nowym budownictwie.<br \/>\nEPS jest materia\u0142em oddychaj\u0105cym i przepuszczaj\u0105cym par\u0119 wodn\u0105, co zapobiega powstawaniu ple\u015bni, jest wodoodporny i nie ulega zjawisku sublimacji.<br \/>\nJest kompatybilny z wi\u0119kszo\u015bci\u0105 materia\u0142\u00f3w budowlanych, co czyni go niezwykle uniwersalnym.<br \/>\nIstnieje mo\u017cliwo\u015b\u0107 zam\u00f3wienia szalunk\u00f3w EPS o r\u00f3\u017cnych wymiarach i g\u0119sto\u015bciach, a tak\u017ce z okre\u015blon\u0105 zawarto\u015bci\u0105 EPS pochodz\u0105cego z recyklingu.<\/p>\n","protected":false},"excerpt":{"rendered":"<p>EPS jest jednym z najcz\u0119\u015bciej stosowanych materia\u0142\u00f3w izolacyjnych w budownictwie. Nadaje si\u0119 do niemal wszystkich prac izolacyjnych, zar\u00f3wno przy pracach remontowych, jak i przy nowym budownictwie. EPS jest materia\u0142em oddychaj\u0105cym i przepuszczaj\u0105cym par\u0119 wodn\u0105, co zapobiega powstawaniu ple\u015bni, jest wodoodporny i nie ulega zjawisku sublimacji. Jest kompatybilny z wi\u0119kszo\u015bci\u0105 materia\u0142\u00f3w budowlanych, co czyni go niezwykle [&hellip;]<\/p>\n","protected":false},"featured_media":1187,"template":"","meta":{"_acf_changed":false},"product_brand":[],"product_cat":[113],"product_tag":[],"class_list":{"0":"post-1390","1":"product","2":"type-product","3":"status-publish","4":"has-post-thumbnail","6":"product_cat-branza-budowlana","8":"first","9":"instock","10":"shipping-taxable","11":"product-type-simple"},"acf":[],"yoast_head":"<!-- This site is optimized with the Yoast SEO plugin v24.6 - https:\/\/yoast.com\/wordpress\/plugins\/seo\/ -->\n<title>Szalunki EPS - Isopak Group<\/title>\n<meta name=\"robots\" content=\"index, follow, max-snippet:-1, max-image-preview:large, max-video-preview:-1\" \/>\n<link rel=\"canonical\" href=\"https:\/\/www.isopakgroup.com\/pl\/branza\/branza-budowlana\/szalunki-eps\/\" \/>\n<meta property=\"og:locale\" content=\"pl_PL\" \/>\n<meta property=\"og:type\" content=\"article\" \/>\n<meta property=\"og:title\" content=\"Szalunki EPS - Isopak Group\" \/>\n<meta property=\"og:description\" content=\"EPS jest jednym z najcz\u0119\u015bciej stosowanych materia\u0142\u00f3w izolacyjnych w budownictwie. Nadaje si\u0119 do niemal wszystkich prac izolacyjnych, zar\u00f3wno przy pracach remontowych, jak i przy nowym budownictwie. EPS jest materia\u0142em oddychaj\u0105cym i przepuszczaj\u0105cym par\u0119 wodn\u0105, co zapobiega powstawaniu ple\u015bni, jest wodoodporny i nie ulega zjawisku sublimacji. Jest kompatybilny z wi\u0119kszo\u015bci\u0105 materia\u0142\u00f3w budowlanych, co czyni go niezwykle [&hellip;]\" \/>\n<meta property=\"og:url\" content=\"https:\/\/www.isopakgroup.com\/pl\/branza\/branza-budowlana\/szalunki-eps\/\" \/>\n<meta property=\"og:site_name\" content=\"Isopak Group\" \/>\n<meta property=\"article:modified_time\" content=\"2025-01-21T16:34:18+00:00\" \/>\n<meta property=\"og:image\" content=\"https:\/\/www.isopakgroup.com\/wp-content\/uploads\/2024\/09\/Cassero.jpg\" \/>\n\t<meta property=\"og:image:width\" content=\"1200\" \/>\n\t<meta property=\"og:image:height\" content=\"1096\" \/>\n\t<meta property=\"og:image:type\" content=\"image\/jpeg\" \/>\n<meta name=\"twitter:card\" content=\"summary_large_image\" \/>\n<script type=\"application\/ld+json\" class=\"yoast-schema-graph\">{\"@context\":\"https:\/\/schema.org\",\"@graph\":[{\"@type\":\"WebPage\",\"@id\":\"https:\/\/www.isopakgroup.com\/pl\/branza\/branza-budowlana\/szalunki-eps\/\",\"url\":\"https:\/\/www.isopakgroup.com\/pl\/branza\/branza-budowlana\/szalunki-eps\/\",\"name\":\"Szalunki EPS - Isopak Group\",\"isPartOf\":{\"@id\":\"https:\/\/www.isopakgroup.com\/pl\/#website\"},\"primaryImageOfPage\":{\"@id\":\"https:\/\/www.isopakgroup.com\/pl\/branza\/branza-budowlana\/szalunki-eps\/#primaryimage\"},\"image\":{\"@id\":\"https:\/\/www.isopakgroup.com\/pl\/branza\/branza-budowlana\/szalunki-eps\/#primaryimage\"},\"thumbnailUrl\":\"https:\/\/www.isopakgroup.com\/wp-content\/uploads\/2024\/09\/Cassero.jpg\",\"datePublished\":\"2024-09-12T13:19:34+00:00\",\"dateModified\":\"2025-01-21T16:34:18+00:00\",\"breadcrumb\":{\"@id\":\"https:\/\/www.isopakgroup.com\/pl\/branza\/branza-budowlana\/szalunki-eps\/#breadcrumb\"},\"inLanguage\":\"pl-PL\",\"potentialAction\":[{\"@type\":\"ReadAction\",\"target\":[\"https:\/\/www.isopakgroup.com\/pl\/branza\/branza-budowlana\/szalunki-eps\/\"]}]},{\"@type\":\"ImageObject\",\"inLanguage\":\"pl-PL\",\"@id\":\"https:\/\/www.isopakgroup.com\/pl\/branza\/branza-budowlana\/szalunki-eps\/#primaryimage\",\"url\":\"https:\/\/www.isopakgroup.com\/wp-content\/uploads\/2024\/09\/Cassero.jpg\",\"contentUrl\":\"https:\/\/www.isopakgroup.com\/wp-content\/uploads\/2024\/09\/Cassero.jpg\",\"width\":1200,\"height\":1096},{\"@type\":\"BreadcrumbList\",\"@id\":\"https:\/\/www.isopakgroup.com\/pl\/branza\/branza-budowlana\/szalunki-eps\/#breadcrumb\",\"itemListElement\":[{\"@type\":\"ListItem\",\"position\":1,\"name\":\"Home\",\"item\":\"https:\/\/www.isopakgroup.com\/pl\/\"},{\"@type\":\"ListItem\",\"position\":2,\"name\":\"Bran\u017ce\",\"item\":\"https:\/\/www.isopakgroup.com\/pl\/branze\/\"},{\"@type\":\"ListItem\",\"position\":3,\"name\":\"Budowlana\",\"item\":\"https:\/\/www.isopakgroup.com\/pl\/kategorie-produktu\/branza-budowlana\/\"},{\"@type\":\"ListItem\",\"position\":4,\"name\":\"Szalunki EPS\"}]},{\"@type\":\"WebSite\",\"@id\":\"https:\/\/www.isopakgroup.com\/pl\/#website\",\"url\":\"https:\/\/www.isopakgroup.com\/pl\/\",\"name\":\"Isopak Group\",\"description\":\"\",\"publisher\":{\"@id\":\"https:\/\/www.isopakgroup.com\/pl\/#organization\"},\"potentialAction\":[{\"@type\":\"SearchAction\",\"target\":{\"@type\":\"EntryPoint\",\"urlTemplate\":\"https:\/\/www.isopakgroup.com\/pl\/?s={search_term_string}\"},\"query-input\":{\"@type\":\"PropertyValueSpecification\",\"valueRequired\":true,\"valueName\":\"search_term_string\"}}],\"inLanguage\":\"pl-PL\"},{\"@type\":\"Organization\",\"@id\":\"https:\/\/www.isopakgroup.com\/pl\/#organization\",\"name\":\"Isopak Group\",\"url\":\"https:\/\/www.isopakgroup.com\/pl\/\",\"logo\":{\"@type\":\"ImageObject\",\"inLanguage\":\"pl-PL\",\"@id\":\"https:\/\/www.isopakgroup.com\/pl\/#\/schema\/logo\/image\/\",\"url\":\"https:\/\/www.isopakgroup.com\/wp-content\/uploads\/2024\/07\/Logo-Header.svg\",\"contentUrl\":\"https:\/\/www.isopakgroup.com\/wp-content\/uploads\/2024\/07\/Logo-Header.svg\",\"width\":185,\"height\":70,\"caption\":\"Isopak Group\"},\"image\":{\"@id\":\"https:\/\/www.isopakgroup.com\/pl\/#\/schema\/logo\/image\/\"}}]}<\/script>\n<!-- \/ Yoast SEO plugin. -->","yoast_head_json":{"title":"Szalunki EPS - Isopak Group","robots":{"index":"index","follow":"follow","max-snippet":"max-snippet:-1","max-image-preview":"max-image-preview:large","max-video-preview":"max-video-preview:-1"},"canonical":"https:\/\/www.isopakgroup.com\/pl\/branza\/branza-budowlana\/szalunki-eps\/","og_locale":"pl_PL","og_type":"article","og_title":"Szalunki EPS - Isopak Group","og_description":"EPS jest jednym z najcz\u0119\u015bciej stosowanych materia\u0142\u00f3w izolacyjnych w budownictwie. Nadaje si\u0119 do niemal wszystkich prac izolacyjnych, zar\u00f3wno przy pracach remontowych, jak i przy nowym budownictwie. EPS jest materia\u0142em oddychaj\u0105cym i przepuszczaj\u0105cym par\u0119 wodn\u0105, co zapobiega powstawaniu ple\u015bni, jest wodoodporny i nie ulega zjawisku sublimacji. Jest kompatybilny z wi\u0119kszo\u015bci\u0105 materia\u0142\u00f3w budowlanych, co czyni go niezwykle [&hellip;]","og_url":"https:\/\/www.isopakgroup.com\/pl\/branza\/branza-budowlana\/szalunki-eps\/","og_site_name":"Isopak Group","article_modified_time":"2025-01-21T16:34:18+00:00","og_image":[{"width":1200,"height":1096,"url":"https:\/\/www.isopakgroup.com\/wp-content\/uploads\/2024\/09\/Cassero.jpg","type":"image\/jpeg"}],"twitter_card":"summary_large_image","schema":{"@context":"https:\/\/schema.org","@graph":[{"@type":"WebPage","@id":"https:\/\/www.isopakgroup.com\/pl\/branza\/branza-budowlana\/szalunki-eps\/","url":"https:\/\/www.isopakgroup.com\/pl\/branza\/branza-budowlana\/szalunki-eps\/","name":"Szalunki EPS - Isopak Group","isPartOf":{"@id":"https:\/\/www.isopakgroup.com\/pl\/#website"},"primaryImageOfPage":{"@id":"https:\/\/www.isopakgroup.com\/pl\/branza\/branza-budowlana\/szalunki-eps\/#primaryimage"},"image":{"@id":"https:\/\/www.isopakgroup.com\/pl\/branza\/branza-budowlana\/szalunki-eps\/#primaryimage"},"thumbnailUrl":"https:\/\/www.isopakgroup.com\/wp-content\/uploads\/2024\/09\/Cassero.jpg","datePublished":"2024-09-12T13:19:34+00:00","dateModified":"2025-01-21T16:34:18+00:00","breadcrumb":{"@id":"https:\/\/www.isopakgroup.com\/pl\/branza\/branza-budowlana\/szalunki-eps\/#breadcrumb"},"inLanguage":"pl-PL","potentialAction":[{"@type":"ReadAction","target":["https:\/\/www.isopakgroup.com\/pl\/branza\/branza-budowlana\/szalunki-eps\/"]}]},{"@type":"ImageObject","inLanguage":"pl-PL","@id":"https:\/\/www.isopakgroup.com\/pl\/branza\/branza-budowlana\/szalunki-eps\/#primaryimage","url":"https:\/\/www.isopakgroup.com\/wp-content\/uploads\/2024\/09\/Cassero.jpg","contentUrl":"https:\/\/www.isopakgroup.com\/wp-content\/uploads\/2024\/09\/Cassero.jpg","width":1200,"height":1096},{"@type":"BreadcrumbList","@id":"https:\/\/www.isopakgroup.com\/pl\/branza\/branza-budowlana\/szalunki-eps\/#breadcrumb","itemListElement":[{"@type":"ListItem","position":1,"name":"Home","item":"https:\/\/www.isopakgroup.com\/pl\/"},{"@type":"ListItem","position":2,"name":"Bran\u017ce","item":"https:\/\/www.isopakgroup.com\/pl\/branze\/"},{"@type":"ListItem","position":3,"name":"Budowlana","item":"https:\/\/www.isopakgroup.com\/pl\/kategorie-produktu\/branza-budowlana\/"},{"@type":"ListItem","position":4,"name":"Szalunki EPS"}]},{"@type":"WebSite","@id":"https:\/\/www.isopakgroup.com\/pl\/#website","url":"https:\/\/www.isopakgroup.com\/pl\/","name":"Isopak Group","description":"","publisher":{"@id":"https:\/\/www.isopakgroup.com\/pl\/#organization"},"potentialAction":[{"@type":"SearchAction","target":{"@type":"EntryPoint","urlTemplate":"https:\/\/www.isopakgroup.com\/pl\/?s={search_term_string}"},"query-input":{"@type":"PropertyValueSpecification","valueRequired":true,"valueName":"search_term_string"}}],"inLanguage":"pl-PL"},{"@type":"Organization","@id":"https:\/\/www.isopakgroup.com\/pl\/#organization","name":"Isopak Group","url":"https:\/\/www.isopakgroup.com\/pl\/","logo":{"@type":"ImageObject","inLanguage":"pl-PL","@id":"https:\/\/www.isopakgroup.com\/pl\/#\/schema\/logo\/image\/","url":"https:\/\/www.isopakgroup.com\/wp-content\/uploads\/2024\/07\/Logo-Header.svg","contentUrl":"https:\/\/www.isopakgroup.com\/wp-content\/uploads\/2024\/07\/Logo-Header.svg","width":185,"height":70,"caption":"Isopak Group"},"image":{"@id":"https:\/\/www.isopakgroup.com\/pl\/#\/schema\/logo\/image\/"}}]}},"_links":{"self":[{"href":"https:\/\/www.isopakgroup.com\/pl\/wp-json\/wp\/v2\/product\/1390","targetHints":{"allow":["GET"]}}],"collection":[{"href":"https:\/\/www.isopakgroup.com\/pl\/wp-json\/wp\/v2\/product"}],"about":[{"href":"https:\/\/www.isopakgroup.com\/pl\/wp-json\/wp\/v2\/types\/product"}],"wp:featuredmedia":[{"embeddable":true,"href":"https:\/\/www.isopakgroup.com\/pl\/wp-json\/wp\/v2\/media\/1187"}],"wp:attachment":[{"href":"https:\/\/www.isopakgroup.com\/pl\/wp-json\/wp\/v2\/media?parent=1390"}],"wp:term":[{"taxonomy":"product_brand","embeddable":true,"href":"https:\/\/www.isopakgroup.com\/pl\/wp-json\/wp\/v2\/product_brand?post=1390"},{"taxonomy":"product_cat","embeddable":true,"href":"https:\/\/www.isopakgroup.com\/pl\/wp-json\/wp\/v2\/product_cat?post=1390"},{"taxonomy":"product_tag","embeddable":true,"href":"https:\/\/www.isopakgroup.com\/pl\/wp-json\/wp\/v2\/product_tag?post=1390"}],"curies":[{"name":"wp","href":"https:\/\/api.w.org\/{rel}","templated":true}]}}