{"id":1394,"date":"2024-08-30T17:34:41","date_gmt":"2024-08-30T15:34:41","guid":{"rendered":"http:\/\/isopakgroup.retinatest.it\/prodotto\/skrzynie-rolno-spozywcze\/"},"modified":"2024-08-30T17:34:41","modified_gmt":"2024-08-30T15:34:41","slug":"skrzynie-rolno-spozywcze","status":"publish","type":"product","link":"https:\/\/www.isopakgroup.com\/pl\/branza\/branza-farmaceutyczna\/skrzynie-rolno-spozywcze\/","title":{"rendered":"Skrzynie rolno-spo\u017cywcze"},"content":{"rendered":"<p>EPS szczeg\u00f3lnie nadaje si\u0119 do stosowania w <strong>przemy\u015ble spo\u017cywczym<\/strong> i <strong>farmaceutycznym<\/strong>, poniewa\u017c nie tylko pozwala na <strong>w\u0142a\u015bciw\u0105 konserwacj\u0119 produkt\u00f3w<\/strong>, ale te\u017c <strong>nie zawiera sk\u0142adnik\u00f3w od\u017cywczych dla grzyb\u00f3w, bakterii i innych mikroorganizm\u00f3w<\/strong>, zapobiegaj\u0105c ich namna\u017caniu.<br \/>\nNasze opakowania do \u017cywno\u015bci spe\u0142niaj\u0105 wymogi <strong>Rozporz\u0105dzenia (CE) nr 10\/2011<\/strong> w sprawie pojemnik\u00f3w przeznaczonych do kontaktu z \u017cywno\u015bci\u0105.<\/p>\n","protected":false},"excerpt":{"rendered":"<p>EPS szczeg\u00f3lnie nadaje si\u0119 do stosowania w przemy\u015ble spo\u017cywczym i farmaceutycznym, poniewa\u017c nie tylko pozwala na w\u0142a\u015bciw\u0105 konserwacj\u0119 produkt\u00f3w, ale te\u017c nie zawiera sk\u0142adnik\u00f3w od\u017cywczych dla grzyb\u00f3w, bakterii i innych mikroorganizm\u00f3w, zapobiegaj\u0105c ich namna\u017caniu. Nasze opakowania do \u017cywno\u015bci spe\u0142niaj\u0105 wymogi Rozporz\u0105dzenia (CE) nr 10\/2011 w sprawie pojemnik\u00f3w przeznaczonych do kontaktu z \u017cywno\u015bci\u0105.<\/p>\n","protected":false},"featured_media":1185,"template":"","meta":{"_acf_changed":false},"product_brand":[],"product_cat":[109,114],"product_tag":[],"class_list":{"0":"post-1394","1":"product","2":"type-product","3":"status-publish","4":"has-post-thumbnail","6":"product_cat-branza-farmaceutyczna","7":"product_cat-branza-spozywcza","9":"first","10":"instock","11":"shipping-taxable","12":"product-type-simple"},"acf":[],"yoast_head":"<!-- This site is optimized with the Yoast SEO plugin v24.6 - https:\/\/yoast.com\/wordpress\/plugins\/seo\/ -->\n<title>Skrzynie rolno-spo\u017cywcze - Isopak Group<\/title>\n<meta name=\"robots\" content=\"index, follow, max-snippet:-1, max-image-preview:large, max-video-preview:-1\" \/>\n<link rel=\"canonical\" href=\"https:\/\/www.isopakgroup.com\/pl\/branza\/branza-farmaceutyczna\/skrzynie-rolno-spozywcze\/\" \/>\n<meta property=\"og:locale\" content=\"pl_PL\" \/>\n<meta property=\"og:type\" content=\"article\" \/>\n<meta property=\"og:title\" content=\"Skrzynie rolno-spo\u017cywcze - Isopak Group\" \/>\n<meta property=\"og:description\" content=\"EPS szczeg\u00f3lnie nadaje si\u0119 do stosowania w przemy\u015ble spo\u017cywczym i farmaceutycznym, poniewa\u017c nie tylko pozwala na w\u0142a\u015bciw\u0105 konserwacj\u0119 produkt\u00f3w, ale te\u017c nie zawiera sk\u0142adnik\u00f3w od\u017cywczych dla grzyb\u00f3w, bakterii i innych mikroorganizm\u00f3w, zapobiegaj\u0105c ich namna\u017caniu. Nasze opakowania do \u017cywno\u015bci spe\u0142niaj\u0105 wymogi Rozporz\u0105dzenia (CE) nr 10\/2011 w sprawie pojemnik\u00f3w przeznaczonych do kontaktu z \u017cywno\u015bci\u0105.\" \/>\n<meta property=\"og:url\" content=\"https:\/\/www.isopakgroup.com\/pl\/branza\/branza-farmaceutyczna\/skrzynie-rolno-spozywcze\/\" \/>\n<meta property=\"og:site_name\" content=\"Isopak Group\" \/>\n<meta property=\"og:image\" content=\"https:\/\/www.isopakgroup.com\/wp-content\/uploads\/2024\/09\/ISOPAK-Casse-Agroalimentari-01.jpg\" \/>\n\t<meta property=\"og:image:width\" content=\"1096\" \/>\n\t<meta property=\"og:image:height\" content=\"1096\" \/>\n\t<meta property=\"og:image:type\" content=\"image\/jpeg\" \/>\n<meta name=\"twitter:card\" content=\"summary_large_image\" \/>\n<script type=\"application\/ld+json\" class=\"yoast-schema-graph\">{\"@context\":\"https:\/\/schema.org\",\"@graph\":[{\"@type\":\"WebPage\",\"@id\":\"https:\/\/www.isopakgroup.com\/pl\/branza\/branza-farmaceutyczna\/skrzynie-rolno-spozywcze\/\",\"url\":\"https:\/\/www.isopakgroup.com\/pl\/branza\/branza-farmaceutyczna\/skrzynie-rolno-spozywcze\/\",\"name\":\"Skrzynie rolno-spo\u017cywcze - Isopak Group\",\"isPartOf\":{\"@id\":\"https:\/\/www.isopakgroup.com\/pl\/#website\"},\"primaryImageOfPage\":{\"@id\":\"https:\/\/www.isopakgroup.com\/pl\/branza\/branza-farmaceutyczna\/skrzynie-rolno-spozywcze\/#primaryimage\"},\"image\":{\"@id\":\"https:\/\/www.isopakgroup.com\/pl\/branza\/branza-farmaceutyczna\/skrzynie-rolno-spozywcze\/#primaryimage\"},\"thumbnailUrl\":\"https:\/\/www.isopakgroup.com\/wp-content\/uploads\/2024\/09\/ISOPAK-Casse-Agroalimentari-01.jpg\",\"datePublished\":\"2024-08-30T15:34:41+00:00\",\"breadcrumb\":{\"@id\":\"https:\/\/www.isopakgroup.com\/pl\/branza\/branza-farmaceutyczna\/skrzynie-rolno-spozywcze\/#breadcrumb\"},\"inLanguage\":\"pl-PL\",\"potentialAction\":[{\"@type\":\"ReadAction\",\"target\":[\"https:\/\/www.isopakgroup.com\/pl\/branza\/branza-farmaceutyczna\/skrzynie-rolno-spozywcze\/\"]}]},{\"@type\":\"ImageObject\",\"inLanguage\":\"pl-PL\",\"@id\":\"https:\/\/www.isopakgroup.com\/pl\/branza\/branza-farmaceutyczna\/skrzynie-rolno-spozywcze\/#primaryimage\",\"url\":\"https:\/\/www.isopakgroup.com\/wp-content\/uploads\/2024\/09\/ISOPAK-Casse-Agroalimentari-01.jpg\",\"contentUrl\":\"https:\/\/www.isopakgroup.com\/wp-content\/uploads\/2024\/09\/ISOPAK-Casse-Agroalimentari-01.jpg\",\"width\":1096,\"height\":1096},{\"@type\":\"BreadcrumbList\",\"@id\":\"https:\/\/www.isopakgroup.com\/pl\/branza\/branza-farmaceutyczna\/skrzynie-rolno-spozywcze\/#breadcrumb\",\"itemListElement\":[{\"@type\":\"ListItem\",\"position\":1,\"name\":\"Home\",\"item\":\"https:\/\/www.isopakgroup.com\/pl\/\"},{\"@type\":\"ListItem\",\"position\":2,\"name\":\"Bran\u017ce\",\"item\":\"https:\/\/www.isopakgroup.com\/pl\/branze\/\"},{\"@type\":\"ListItem\",\"position\":3,\"name\":\"Farmaceutyczna\",\"item\":\"https:\/\/www.isopakgroup.com\/pl\/kategorie-produktu\/branza-farmaceutyczna\/\"},{\"@type\":\"ListItem\",\"position\":4,\"name\":\"Skrzynie rolno-spo\u017cywcze\"}]},{\"@type\":\"WebSite\",\"@id\":\"https:\/\/www.isopakgroup.com\/pl\/#website\",\"url\":\"https:\/\/www.isopakgroup.com\/pl\/\",\"name\":\"Isopak Group\",\"description\":\"\",\"publisher\":{\"@id\":\"https:\/\/www.isopakgroup.com\/pl\/#organization\"},\"potentialAction\":[{\"@type\":\"SearchAction\",\"target\":{\"@type\":\"EntryPoint\",\"urlTemplate\":\"https:\/\/www.isopakgroup.com\/pl\/?s={search_term_string}\"},\"query-input\":{\"@type\":\"PropertyValueSpecification\",\"valueRequired\":true,\"valueName\":\"search_term_string\"}}],\"inLanguage\":\"pl-PL\"},{\"@type\":\"Organization\",\"@id\":\"https:\/\/www.isopakgroup.com\/pl\/#organization\",\"name\":\"Isopak Group\",\"url\":\"https:\/\/www.isopakgroup.com\/pl\/\",\"logo\":{\"@type\":\"ImageObject\",\"inLanguage\":\"pl-PL\",\"@id\":\"https:\/\/www.isopakgroup.com\/pl\/#\/schema\/logo\/image\/\",\"url\":\"https:\/\/www.isopakgroup.com\/wp-content\/uploads\/2024\/07\/Logo-Header.svg\",\"contentUrl\":\"https:\/\/www.isopakgroup.com\/wp-content\/uploads\/2024\/07\/Logo-Header.svg\",\"width\":185,\"height\":70,\"caption\":\"Isopak Group\"},\"image\":{\"@id\":\"https:\/\/www.isopakgroup.com\/pl\/#\/schema\/logo\/image\/\"}}]}<\/script>\n<!-- \/ Yoast SEO plugin. -->","yoast_head_json":{"title":"Skrzynie rolno-spo\u017cywcze - Isopak Group","robots":{"index":"index","follow":"follow","max-snippet":"max-snippet:-1","max-image-preview":"max-image-preview:large","max-video-preview":"max-video-preview:-1"},"canonical":"https:\/\/www.isopakgroup.com\/pl\/branza\/branza-farmaceutyczna\/skrzynie-rolno-spozywcze\/","og_locale":"pl_PL","og_type":"article","og_title":"Skrzynie rolno-spo\u017cywcze - Isopak Group","og_description":"EPS szczeg\u00f3lnie nadaje si\u0119 do stosowania w przemy\u015ble spo\u017cywczym i farmaceutycznym, poniewa\u017c nie tylko pozwala na w\u0142a\u015bciw\u0105 konserwacj\u0119 produkt\u00f3w, ale te\u017c nie zawiera sk\u0142adnik\u00f3w od\u017cywczych dla grzyb\u00f3w, bakterii i innych mikroorganizm\u00f3w, zapobiegaj\u0105c ich namna\u017caniu. Nasze opakowania do \u017cywno\u015bci spe\u0142niaj\u0105 wymogi Rozporz\u0105dzenia (CE) nr 10\/2011 w sprawie pojemnik\u00f3w przeznaczonych do kontaktu z \u017cywno\u015bci\u0105.","og_url":"https:\/\/www.isopakgroup.com\/pl\/branza\/branza-farmaceutyczna\/skrzynie-rolno-spozywcze\/","og_site_name":"Isopak Group","og_image":[{"width":1096,"height":1096,"url":"https:\/\/www.isopakgroup.com\/wp-content\/uploads\/2024\/09\/ISOPAK-Casse-Agroalimentari-01.jpg","type":"image\/jpeg"}],"twitter_card":"summary_large_image","schema":{"@context":"https:\/\/schema.org","@graph":[{"@type":"WebPage","@id":"https:\/\/www.isopakgroup.com\/pl\/branza\/branza-farmaceutyczna\/skrzynie-rolno-spozywcze\/","url":"https:\/\/www.isopakgroup.com\/pl\/branza\/branza-farmaceutyczna\/skrzynie-rolno-spozywcze\/","name":"Skrzynie rolno-spo\u017cywcze - Isopak Group","isPartOf":{"@id":"https:\/\/www.isopakgroup.com\/pl\/#website"},"primaryImageOfPage":{"@id":"https:\/\/www.isopakgroup.com\/pl\/branza\/branza-farmaceutyczna\/skrzynie-rolno-spozywcze\/#primaryimage"},"image":{"@id":"https:\/\/www.isopakgroup.com\/pl\/branza\/branza-farmaceutyczna\/skrzynie-rolno-spozywcze\/#primaryimage"},"thumbnailUrl":"https:\/\/www.isopakgroup.com\/wp-content\/uploads\/2024\/09\/ISOPAK-Casse-Agroalimentari-01.jpg","datePublished":"2024-08-30T15:34:41+00:00","breadcrumb":{"@id":"https:\/\/www.isopakgroup.com\/pl\/branza\/branza-farmaceutyczna\/skrzynie-rolno-spozywcze\/#breadcrumb"},"inLanguage":"pl-PL","potentialAction":[{"@type":"ReadAction","target":["https:\/\/www.isopakgroup.com\/pl\/branza\/branza-farmaceutyczna\/skrzynie-rolno-spozywcze\/"]}]},{"@type":"ImageObject","inLanguage":"pl-PL","@id":"https:\/\/www.isopakgroup.com\/pl\/branza\/branza-farmaceutyczna\/skrzynie-rolno-spozywcze\/#primaryimage","url":"https:\/\/www.isopakgroup.com\/wp-content\/uploads\/2024\/09\/ISOPAK-Casse-Agroalimentari-01.jpg","contentUrl":"https:\/\/www.isopakgroup.com\/wp-content\/uploads\/2024\/09\/ISOPAK-Casse-Agroalimentari-01.jpg","width":1096,"height":1096},{"@type":"BreadcrumbList","@id":"https:\/\/www.isopakgroup.com\/pl\/branza\/branza-farmaceutyczna\/skrzynie-rolno-spozywcze\/#breadcrumb","itemListElement":[{"@type":"ListItem","position":1,"name":"Home","item":"https:\/\/www.isopakgroup.com\/pl\/"},{"@type":"ListItem","position":2,"name":"Bran\u017ce","item":"https:\/\/www.isopakgroup.com\/pl\/branze\/"},{"@type":"ListItem","position":3,"name":"Farmaceutyczna","item":"https:\/\/www.isopakgroup.com\/pl\/kategorie-produktu\/branza-farmaceutyczna\/"},{"@type":"ListItem","position":4,"name":"Skrzynie rolno-spo\u017cywcze"}]},{"@type":"WebSite","@id":"https:\/\/www.isopakgroup.com\/pl\/#website","url":"https:\/\/www.isopakgroup.com\/pl\/","name":"Isopak Group","description":"","publisher":{"@id":"https:\/\/www.isopakgroup.com\/pl\/#organization"},"potentialAction":[{"@type":"SearchAction","target":{"@type":"EntryPoint","urlTemplate":"https:\/\/www.isopakgroup.com\/pl\/?s={search_term_string}"},"query-input":{"@type":"PropertyValueSpecification","valueRequired":true,"valueName":"search_term_string"}}],"inLanguage":"pl-PL"},{"@type":"Organization","@id":"https:\/\/www.isopakgroup.com\/pl\/#organization","name":"Isopak Group","url":"https:\/\/www.isopakgroup.com\/pl\/","logo":{"@type":"ImageObject","inLanguage":"pl-PL","@id":"https:\/\/www.isopakgroup.com\/pl\/#\/schema\/logo\/image\/","url":"https:\/\/www.isopakgroup.com\/wp-content\/uploads\/2024\/07\/Logo-Header.svg","contentUrl":"https:\/\/www.isopakgroup.com\/wp-content\/uploads\/2024\/07\/Logo-Header.svg","width":185,"height":70,"caption":"Isopak Group"},"image":{"@id":"https:\/\/www.isopakgroup.com\/pl\/#\/schema\/logo\/image\/"}}]}},"_links":{"self":[{"href":"https:\/\/www.isopakgroup.com\/pl\/wp-json\/wp\/v2\/product\/1394","targetHints":{"allow":["GET"]}}],"collection":[{"href":"https:\/\/www.isopakgroup.com\/pl\/wp-json\/wp\/v2\/product"}],"about":[{"href":"https:\/\/www.isopakgroup.com\/pl\/wp-json\/wp\/v2\/types\/product"}],"wp:featuredmedia":[{"embeddable":true,"href":"https:\/\/www.isopakgroup.com\/pl\/wp-json\/wp\/v2\/media\/1185"}],"wp:attachment":[{"href":"https:\/\/www.isopakgroup.com\/pl\/wp-json\/wp\/v2\/media?parent=1394"}],"wp:term":[{"taxonomy":"product_brand","embeddable":true,"href":"https:\/\/www.isopakgroup.com\/pl\/wp-json\/wp\/v2\/product_brand?post=1394"},{"taxonomy":"product_cat","embeddable":true,"href":"https:\/\/www.isopakgroup.com\/pl\/wp-json\/wp\/v2\/product_cat?post=1394"},{"taxonomy":"product_tag","embeddable":true,"href":"https:\/\/www.isopakgroup.com\/pl\/wp-json\/wp\/v2\/product_tag?post=1394"}],"curies":[{"name":"wp","href":"https:\/\/api.w.org\/{rel}","templated":true}]}}