{"id":1397,"date":"2024-09-12T12:15:48","date_gmt":"2024-09-12T10:15:48","guid":{"rendered":"http:\/\/isopakgroup.retinatest.it\/prodotto\/palety\/"},"modified":"2024-09-12T12:15:48","modified_gmt":"2024-09-12T10:15:48","slug":"palety","status":"publish","type":"product","link":"https:\/\/www.isopakgroup.com\/pl\/branza\/branza-przemyslowa\/palety\/","title":{"rendered":"Palety"},"content":{"rendered":"<div class=\"heading-line\">\n<div>EPS jest doskona\u0142ym materia\u0142em do produkcji palet: <strong>pozbawiony sk\u0142adnik\u00f3w od\u017cywczych dla grzyb\u00f3w, bakterii i innych mikroorganizm\u00f3w<\/strong>, uniemo\u017cliwia ich wzrost i namna\u017canie.<\/div>\n<\/div>\n<div class=\"heading-line\">\n<div>\n<p>Ponadto jest <strong>oddychaj\u0105cy i przepuszcza par\u0119 wodn\u0105<\/strong>, co zapobiega powstawaniu ple\u015bni.<\/p>\n<\/div>\n<\/div>\n<div class=\"heading-line\">\n<div>\n<p><strong>Wytrzyma\u0142o\u015b\u0107 mechaniczna<\/strong> palet, po\u0142\u0105czona z <strong>wysokim stopniem elastyczno\u015bci<\/strong>, sprawia, \u017ce doskonale <strong>nadaj\u0105 si\u0119 one do transportu delikatnych produkt\u00f3w<\/strong>, kt\u00f3re mog\u0142yby ulec uszkodzeniu w kontakcie z twardszymi materia\u0142ami.<\/p>\n<\/div>\n<\/div>\n","protected":false},"excerpt":{"rendered":"<p>EPS jest doskona\u0142ym materia\u0142em do produkcji palet: pozbawiony sk\u0142adnik\u00f3w od\u017cywczych dla grzyb\u00f3w, bakterii i innych mikroorganizm\u00f3w, uniemo\u017cliwia ich wzrost i namna\u017canie. Ponadto jest oddychaj\u0105cy i przepuszcza par\u0119 wodn\u0105, co zapobiega powstawaniu ple\u015bni. Wytrzyma\u0142o\u015b\u0107 mechaniczna palet, po\u0142\u0105czona z wysokim stopniem elastyczno\u015bci, sprawia, \u017ce doskonale nadaj\u0105 si\u0119 one do transportu delikatnych produkt\u00f3w, kt\u00f3re mog\u0142yby ulec uszkodzeniu w [&hellip;]<\/p>\n","protected":false},"featured_media":1193,"template":"","meta":{"_acf_changed":false},"product_brand":[],"product_cat":[106,107,111,109,108,110,114],"product_tag":[],"class_list":{"0":"post-1397","1":"product","2":"type-product","3":"status-publish","4":"has-post-thumbnail","6":"product_cat-branza-przemyslowa","7":"product_cat-agd","8":"product_cat-branza-cowig","9":"product_cat-branza-farmaceutyczna","10":"product_cat-branza-meblarska","11":"product_cat-branza-motoryzacyjna","12":"product_cat-branza-spozywcza","14":"first","15":"instock","16":"shipping-taxable","17":"product-type-simple"},"acf":[],"yoast_head":"<!-- This site is optimized with the Yoast SEO plugin v24.6 - https:\/\/yoast.com\/wordpress\/plugins\/seo\/ -->\n<title>Palety - Isopak Group<\/title>\n<meta name=\"robots\" content=\"index, follow, max-snippet:-1, max-image-preview:large, max-video-preview:-1\" \/>\n<link rel=\"canonical\" href=\"https:\/\/www.isopakgroup.com\/pl\/branza\/branza-przemyslowa\/palety\/\" \/>\n<meta property=\"og:locale\" content=\"pl_PL\" \/>\n<meta property=\"og:type\" content=\"article\" \/>\n<meta property=\"og:title\" content=\"Palety - Isopak Group\" \/>\n<meta property=\"og:description\" content=\"EPS jest doskona\u0142ym materia\u0142em do produkcji palet: pozbawiony sk\u0142adnik\u00f3w od\u017cywczych dla grzyb\u00f3w, bakterii i innych mikroorganizm\u00f3w, uniemo\u017cliwia ich wzrost i namna\u017canie. Ponadto jest oddychaj\u0105cy i przepuszcza par\u0119 wodn\u0105, co zapobiega powstawaniu ple\u015bni. Wytrzyma\u0142o\u015b\u0107 mechaniczna palet, po\u0142\u0105czona z wysokim stopniem elastyczno\u015bci, sprawia, \u017ce doskonale nadaj\u0105 si\u0119 one do transportu delikatnych produkt\u00f3w, kt\u00f3re mog\u0142yby ulec uszkodzeniu w [&hellip;]\" \/>\n<meta property=\"og:url\" content=\"https:\/\/www.isopakgroup.com\/pl\/branza\/branza-przemyslowa\/palety\/\" \/>\n<meta property=\"og:site_name\" content=\"Isopak Group\" \/>\n<meta property=\"og:image\" content=\"https:\/\/www.isopakgroup.com\/wp-content\/uploads\/2024\/09\/Pallet.jpg\" \/>\n\t<meta property=\"og:image:width\" content=\"1200\" \/>\n\t<meta property=\"og:image:height\" content=\"1096\" \/>\n\t<meta property=\"og:image:type\" content=\"image\/jpeg\" \/>\n<meta name=\"twitter:card\" content=\"summary_large_image\" \/>\n<script type=\"application\/ld+json\" class=\"yoast-schema-graph\">{\"@context\":\"https:\/\/schema.org\",\"@graph\":[{\"@type\":\"WebPage\",\"@id\":\"https:\/\/www.isopakgroup.com\/pl\/branza\/branza-przemyslowa\/palety\/\",\"url\":\"https:\/\/www.isopakgroup.com\/pl\/branza\/branza-przemyslowa\/palety\/\",\"name\":\"Palety - Isopak Group\",\"isPartOf\":{\"@id\":\"https:\/\/www.isopakgroup.com\/pl\/#website\"},\"primaryImageOfPage\":{\"@id\":\"https:\/\/www.isopakgroup.com\/pl\/branza\/branza-przemyslowa\/palety\/#primaryimage\"},\"image\":{\"@id\":\"https:\/\/www.isopakgroup.com\/pl\/branza\/branza-przemyslowa\/palety\/#primaryimage\"},\"thumbnailUrl\":\"https:\/\/www.isopakgroup.com\/wp-content\/uploads\/2024\/09\/Pallet.jpg\",\"datePublished\":\"2024-09-12T10:15:48+00:00\",\"breadcrumb\":{\"@id\":\"https:\/\/www.isopakgroup.com\/pl\/branza\/branza-przemyslowa\/palety\/#breadcrumb\"},\"inLanguage\":\"pl-PL\",\"potentialAction\":[{\"@type\":\"ReadAction\",\"target\":[\"https:\/\/www.isopakgroup.com\/pl\/branza\/branza-przemyslowa\/palety\/\"]}]},{\"@type\":\"ImageObject\",\"inLanguage\":\"pl-PL\",\"@id\":\"https:\/\/www.isopakgroup.com\/pl\/branza\/branza-przemyslowa\/palety\/#primaryimage\",\"url\":\"https:\/\/www.isopakgroup.com\/wp-content\/uploads\/2024\/09\/Pallet.jpg\",\"contentUrl\":\"https:\/\/www.isopakgroup.com\/wp-content\/uploads\/2024\/09\/Pallet.jpg\",\"width\":1200,\"height\":1096},{\"@type\":\"BreadcrumbList\",\"@id\":\"https:\/\/www.isopakgroup.com\/pl\/branza\/branza-przemyslowa\/palety\/#breadcrumb\",\"itemListElement\":[{\"@type\":\"ListItem\",\"position\":1,\"name\":\"Home\",\"item\":\"https:\/\/www.isopakgroup.com\/pl\/\"},{\"@type\":\"ListItem\",\"position\":2,\"name\":\"Bran\u017ce\",\"item\":\"https:\/\/www.isopakgroup.com\/pl\/branze\/\"},{\"@type\":\"ListItem\",\"position\":3,\"name\":\"Przemys\u0142owa\",\"item\":\"https:\/\/www.isopakgroup.com\/pl\/kategorie-produktu\/branza-przemyslowa\/\"},{\"@type\":\"ListItem\",\"position\":4,\"name\":\"Palety\"}]},{\"@type\":\"WebSite\",\"@id\":\"https:\/\/www.isopakgroup.com\/pl\/#website\",\"url\":\"https:\/\/www.isopakgroup.com\/pl\/\",\"name\":\"Isopak Group\",\"description\":\"\",\"publisher\":{\"@id\":\"https:\/\/www.isopakgroup.com\/pl\/#organization\"},\"potentialAction\":[{\"@type\":\"SearchAction\",\"target\":{\"@type\":\"EntryPoint\",\"urlTemplate\":\"https:\/\/www.isopakgroup.com\/pl\/?s={search_term_string}\"},\"query-input\":{\"@type\":\"PropertyValueSpecification\",\"valueRequired\":true,\"valueName\":\"search_term_string\"}}],\"inLanguage\":\"pl-PL\"},{\"@type\":\"Organization\",\"@id\":\"https:\/\/www.isopakgroup.com\/pl\/#organization\",\"name\":\"Isopak Group\",\"url\":\"https:\/\/www.isopakgroup.com\/pl\/\",\"logo\":{\"@type\":\"ImageObject\",\"inLanguage\":\"pl-PL\",\"@id\":\"https:\/\/www.isopakgroup.com\/pl\/#\/schema\/logo\/image\/\",\"url\":\"https:\/\/www.isopakgroup.com\/wp-content\/uploads\/2024\/07\/Logo-Header.svg\",\"contentUrl\":\"https:\/\/www.isopakgroup.com\/wp-content\/uploads\/2024\/07\/Logo-Header.svg\",\"width\":185,\"height\":70,\"caption\":\"Isopak Group\"},\"image\":{\"@id\":\"https:\/\/www.isopakgroup.com\/pl\/#\/schema\/logo\/image\/\"}}]}<\/script>\n<!-- \/ Yoast SEO plugin. -->","yoast_head_json":{"title":"Palety - Isopak Group","robots":{"index":"index","follow":"follow","max-snippet":"max-snippet:-1","max-image-preview":"max-image-preview:large","max-video-preview":"max-video-preview:-1"},"canonical":"https:\/\/www.isopakgroup.com\/pl\/branza\/branza-przemyslowa\/palety\/","og_locale":"pl_PL","og_type":"article","og_title":"Palety - Isopak Group","og_description":"EPS jest doskona\u0142ym materia\u0142em do produkcji palet: pozbawiony sk\u0142adnik\u00f3w od\u017cywczych dla grzyb\u00f3w, bakterii i innych mikroorganizm\u00f3w, uniemo\u017cliwia ich wzrost i namna\u017canie. Ponadto jest oddychaj\u0105cy i przepuszcza par\u0119 wodn\u0105, co zapobiega powstawaniu ple\u015bni. Wytrzyma\u0142o\u015b\u0107 mechaniczna palet, po\u0142\u0105czona z wysokim stopniem elastyczno\u015bci, sprawia, \u017ce doskonale nadaj\u0105 si\u0119 one do transportu delikatnych produkt\u00f3w, kt\u00f3re mog\u0142yby ulec uszkodzeniu w [&hellip;]","og_url":"https:\/\/www.isopakgroup.com\/pl\/branza\/branza-przemyslowa\/palety\/","og_site_name":"Isopak Group","og_image":[{"width":1200,"height":1096,"url":"https:\/\/www.isopakgroup.com\/wp-content\/uploads\/2024\/09\/Pallet.jpg","type":"image\/jpeg"}],"twitter_card":"summary_large_image","schema":{"@context":"https:\/\/schema.org","@graph":[{"@type":"WebPage","@id":"https:\/\/www.isopakgroup.com\/pl\/branza\/branza-przemyslowa\/palety\/","url":"https:\/\/www.isopakgroup.com\/pl\/branza\/branza-przemyslowa\/palety\/","name":"Palety - Isopak Group","isPartOf":{"@id":"https:\/\/www.isopakgroup.com\/pl\/#website"},"primaryImageOfPage":{"@id":"https:\/\/www.isopakgroup.com\/pl\/branza\/branza-przemyslowa\/palety\/#primaryimage"},"image":{"@id":"https:\/\/www.isopakgroup.com\/pl\/branza\/branza-przemyslowa\/palety\/#primaryimage"},"thumbnailUrl":"https:\/\/www.isopakgroup.com\/wp-content\/uploads\/2024\/09\/Pallet.jpg","datePublished":"2024-09-12T10:15:48+00:00","breadcrumb":{"@id":"https:\/\/www.isopakgroup.com\/pl\/branza\/branza-przemyslowa\/palety\/#breadcrumb"},"inLanguage":"pl-PL","potentialAction":[{"@type":"ReadAction","target":["https:\/\/www.isopakgroup.com\/pl\/branza\/branza-przemyslowa\/palety\/"]}]},{"@type":"ImageObject","inLanguage":"pl-PL","@id":"https:\/\/www.isopakgroup.com\/pl\/branza\/branza-przemyslowa\/palety\/#primaryimage","url":"https:\/\/www.isopakgroup.com\/wp-content\/uploads\/2024\/09\/Pallet.jpg","contentUrl":"https:\/\/www.isopakgroup.com\/wp-content\/uploads\/2024\/09\/Pallet.jpg","width":1200,"height":1096},{"@type":"BreadcrumbList","@id":"https:\/\/www.isopakgroup.com\/pl\/branza\/branza-przemyslowa\/palety\/#breadcrumb","itemListElement":[{"@type":"ListItem","position":1,"name":"Home","item":"https:\/\/www.isopakgroup.com\/pl\/"},{"@type":"ListItem","position":2,"name":"Bran\u017ce","item":"https:\/\/www.isopakgroup.com\/pl\/branze\/"},{"@type":"ListItem","position":3,"name":"Przemys\u0142owa","item":"https:\/\/www.isopakgroup.com\/pl\/kategorie-produktu\/branza-przemyslowa\/"},{"@type":"ListItem","position":4,"name":"Palety"}]},{"@type":"WebSite","@id":"https:\/\/www.isopakgroup.com\/pl\/#website","url":"https:\/\/www.isopakgroup.com\/pl\/","name":"Isopak Group","description":"","publisher":{"@id":"https:\/\/www.isopakgroup.com\/pl\/#organization"},"potentialAction":[{"@type":"SearchAction","target":{"@type":"EntryPoint","urlTemplate":"https:\/\/www.isopakgroup.com\/pl\/?s={search_term_string}"},"query-input":{"@type":"PropertyValueSpecification","valueRequired":true,"valueName":"search_term_string"}}],"inLanguage":"pl-PL"},{"@type":"Organization","@id":"https:\/\/www.isopakgroup.com\/pl\/#organization","name":"Isopak Group","url":"https:\/\/www.isopakgroup.com\/pl\/","logo":{"@type":"ImageObject","inLanguage":"pl-PL","@id":"https:\/\/www.isopakgroup.com\/pl\/#\/schema\/logo\/image\/","url":"https:\/\/www.isopakgroup.com\/wp-content\/uploads\/2024\/07\/Logo-Header.svg","contentUrl":"https:\/\/www.isopakgroup.com\/wp-content\/uploads\/2024\/07\/Logo-Header.svg","width":185,"height":70,"caption":"Isopak Group"},"image":{"@id":"https:\/\/www.isopakgroup.com\/pl\/#\/schema\/logo\/image\/"}}]}},"_links":{"self":[{"href":"https:\/\/www.isopakgroup.com\/pl\/wp-json\/wp\/v2\/product\/1397","targetHints":{"allow":["GET"]}}],"collection":[{"href":"https:\/\/www.isopakgroup.com\/pl\/wp-json\/wp\/v2\/product"}],"about":[{"href":"https:\/\/www.isopakgroup.com\/pl\/wp-json\/wp\/v2\/types\/product"}],"wp:featuredmedia":[{"embeddable":true,"href":"https:\/\/www.isopakgroup.com\/pl\/wp-json\/wp\/v2\/media\/1193"}],"wp:attachment":[{"href":"https:\/\/www.isopakgroup.com\/pl\/wp-json\/wp\/v2\/media?parent=1397"}],"wp:term":[{"taxonomy":"product_brand","embeddable":true,"href":"https:\/\/www.isopakgroup.com\/pl\/wp-json\/wp\/v2\/product_brand?post=1397"},{"taxonomy":"product_cat","embeddable":true,"href":"https:\/\/www.isopakgroup.com\/pl\/wp-json\/wp\/v2\/product_cat?post=1397"},{"taxonomy":"product_tag","embeddable":true,"href":"https:\/\/www.isopakgroup.com\/pl\/wp-json\/wp\/v2\/product_tag?post=1397"}],"curies":[{"name":"wp","href":"https:\/\/api.w.org\/{rel}","templated":true}]}}