{"id":1401,"date":"2024-09-12T14:51:20","date_gmt":"2024-09-12T12:51:20","guid":{"rendered":"http:\/\/isopakgroup.retinatest.it\/prodotto\/bloki-eps\/"},"modified":"2025-01-21T17:43:32","modified_gmt":"2025-01-21T16:43:32","slug":"bloki-eps","status":"publish","type":"product","link":"https:\/\/www.isopakgroup.com\/pl\/branza\/branza-przemyslowa\/bloki-eps\/","title":{"rendered":"Bloki EPS"},"content":{"rendered":"<p>Isopak produkuje bloki EPS o r\u00f3\u017cnych rozmiarach i g\u0119sto\u015bciach, w zale\u017cno\u015bci od potrzeb rynku. Produkcja naszych blok\u00f3w odbywa si\u0119 przy u\u017cyciu nowoczesnych technologii i maszyn, przy u\u017cyciu wysokiej jako\u015bci surowc\u00f3w. Mo\u017cliwe jest r\u00f3wnie\u017c wyprodukowanie blok\u00f3w zawieraj\u0105cych pewien procent odzyskanego EPS.<\/p>\n","protected":false},"excerpt":{"rendered":"<p>Isopak produkuje bloki EPS o r\u00f3\u017cnych rozmiarach i g\u0119sto\u015bciach, w zale\u017cno\u015bci od potrzeb rynku. Produkcja naszych blok\u00f3w odbywa si\u0119 przy u\u017cyciu nowoczesnych technologii i maszyn, przy u\u017cyciu wysokiej jako\u015bci surowc\u00f3w. Mo\u017cliwe jest r\u00f3wnie\u017c wyprodukowanie blok\u00f3w zawieraj\u0105cych pewien procent odzyskanego EPS.<\/p>\n","protected":false},"featured_media":1079,"template":"","meta":{"_acf_changed":false},"product_brand":[],"product_cat":[106,107,113,112,115,108],"product_tag":[],"class_list":{"0":"post-1401","1":"product","2":"type-product","3":"status-publish","4":"has-post-thumbnail","6":"product_cat-branza-przemyslowa","7":"product_cat-agd","8":"product_cat-branza-budowlana","9":"product_cat-hobby","10":"product_cat-branza-izolacji-termicznych-i-akustycznych","11":"product_cat-branza-meblarska","13":"first","14":"instock","15":"shipping-taxable","16":"product-type-simple"},"acf":[],"yoast_head":"<!-- This site is optimized with the Yoast SEO plugin v24.6 - https:\/\/yoast.com\/wordpress\/plugins\/seo\/ -->\n<title>Bloki EPS - Isopak Group<\/title>\n<meta name=\"robots\" content=\"index, follow, max-snippet:-1, max-image-preview:large, max-video-preview:-1\" \/>\n<link rel=\"canonical\" href=\"https:\/\/www.isopakgroup.com\/pl\/branza\/branza-przemyslowa\/bloki-eps\/\" \/>\n<meta property=\"og:locale\" content=\"pl_PL\" \/>\n<meta property=\"og:type\" content=\"article\" \/>\n<meta property=\"og:title\" content=\"Bloki EPS - Isopak Group\" \/>\n<meta property=\"og:description\" content=\"Isopak produkuje bloki EPS o r\u00f3\u017cnych rozmiarach i g\u0119sto\u015bciach, w zale\u017cno\u015bci od potrzeb rynku. Produkcja naszych blok\u00f3w odbywa si\u0119 przy u\u017cyciu nowoczesnych technologii i maszyn, przy u\u017cyciu wysokiej jako\u015bci surowc\u00f3w. Mo\u017cliwe jest r\u00f3wnie\u017c wyprodukowanie blok\u00f3w zawieraj\u0105cych pewien procent odzyskanego EPS.\" \/>\n<meta property=\"og:url\" content=\"https:\/\/www.isopakgroup.com\/pl\/branza\/branza-przemyslowa\/bloki-eps\/\" \/>\n<meta property=\"og:site_name\" content=\"Isopak Group\" \/>\n<meta property=\"article:modified_time\" content=\"2025-01-21T16:43:32+00:00\" \/>\n<meta property=\"og:image\" content=\"https:\/\/www.isopakgroup.com\/wp-content\/uploads\/2024\/09\/blocchi-eps-bn.jpg\" \/>\n\t<meta property=\"og:image:width\" content=\"1200\" \/>\n\t<meta property=\"og:image:height\" content=\"1096\" \/>\n\t<meta property=\"og:image:type\" content=\"image\/jpeg\" \/>\n<meta name=\"twitter:card\" content=\"summary_large_image\" \/>\n<script type=\"application\/ld+json\" class=\"yoast-schema-graph\">{\"@context\":\"https:\/\/schema.org\",\"@graph\":[{\"@type\":\"WebPage\",\"@id\":\"https:\/\/www.isopakgroup.com\/pl\/branza\/branza-przemyslowa\/bloki-eps\/\",\"url\":\"https:\/\/www.isopakgroup.com\/pl\/branza\/branza-przemyslowa\/bloki-eps\/\",\"name\":\"Bloki EPS - Isopak Group\",\"isPartOf\":{\"@id\":\"https:\/\/www.isopakgroup.com\/pl\/#website\"},\"primaryImageOfPage\":{\"@id\":\"https:\/\/www.isopakgroup.com\/pl\/branza\/branza-przemyslowa\/bloki-eps\/#primaryimage\"},\"image\":{\"@id\":\"https:\/\/www.isopakgroup.com\/pl\/branza\/branza-przemyslowa\/bloki-eps\/#primaryimage\"},\"thumbnailUrl\":\"https:\/\/www.isopakgroup.com\/wp-content\/uploads\/2024\/09\/blocchi-eps-bn.jpg\",\"datePublished\":\"2024-09-12T12:51:20+00:00\",\"dateModified\":\"2025-01-21T16:43:32+00:00\",\"breadcrumb\":{\"@id\":\"https:\/\/www.isopakgroup.com\/pl\/branza\/branza-przemyslowa\/bloki-eps\/#breadcrumb\"},\"inLanguage\":\"pl-PL\",\"potentialAction\":[{\"@type\":\"ReadAction\",\"target\":[\"https:\/\/www.isopakgroup.com\/pl\/branza\/branza-przemyslowa\/bloki-eps\/\"]}]},{\"@type\":\"ImageObject\",\"inLanguage\":\"pl-PL\",\"@id\":\"https:\/\/www.isopakgroup.com\/pl\/branza\/branza-przemyslowa\/bloki-eps\/#primaryimage\",\"url\":\"https:\/\/www.isopakgroup.com\/wp-content\/uploads\/2024\/09\/blocchi-eps-bn.jpg\",\"contentUrl\":\"https:\/\/www.isopakgroup.com\/wp-content\/uploads\/2024\/09\/blocchi-eps-bn.jpg\",\"width\":1200,\"height\":1096},{\"@type\":\"BreadcrumbList\",\"@id\":\"https:\/\/www.isopakgroup.com\/pl\/branza\/branza-przemyslowa\/bloki-eps\/#breadcrumb\",\"itemListElement\":[{\"@type\":\"ListItem\",\"position\":1,\"name\":\"Home\",\"item\":\"https:\/\/www.isopakgroup.com\/pl\/\"},{\"@type\":\"ListItem\",\"position\":2,\"name\":\"Bran\u017ce\",\"item\":\"https:\/\/www.isopakgroup.com\/pl\/branze\/\"},{\"@type\":\"ListItem\",\"position\":3,\"name\":\"Przemys\u0142owa\",\"item\":\"https:\/\/www.isopakgroup.com\/pl\/kategorie-produktu\/branza-przemyslowa\/\"},{\"@type\":\"ListItem\",\"position\":4,\"name\":\"Bloki EPS\"}]},{\"@type\":\"WebSite\",\"@id\":\"https:\/\/www.isopakgroup.com\/pl\/#website\",\"url\":\"https:\/\/www.isopakgroup.com\/pl\/\",\"name\":\"Isopak Group\",\"description\":\"\",\"publisher\":{\"@id\":\"https:\/\/www.isopakgroup.com\/pl\/#organization\"},\"potentialAction\":[{\"@type\":\"SearchAction\",\"target\":{\"@type\":\"EntryPoint\",\"urlTemplate\":\"https:\/\/www.isopakgroup.com\/pl\/?s={search_term_string}\"},\"query-input\":{\"@type\":\"PropertyValueSpecification\",\"valueRequired\":true,\"valueName\":\"search_term_string\"}}],\"inLanguage\":\"pl-PL\"},{\"@type\":\"Organization\",\"@id\":\"https:\/\/www.isopakgroup.com\/pl\/#organization\",\"name\":\"Isopak Group\",\"url\":\"https:\/\/www.isopakgroup.com\/pl\/\",\"logo\":{\"@type\":\"ImageObject\",\"inLanguage\":\"pl-PL\",\"@id\":\"https:\/\/www.isopakgroup.com\/pl\/#\/schema\/logo\/image\/\",\"url\":\"https:\/\/www.isopakgroup.com\/wp-content\/uploads\/2024\/07\/Logo-Header.svg\",\"contentUrl\":\"https:\/\/www.isopakgroup.com\/wp-content\/uploads\/2024\/07\/Logo-Header.svg\",\"width\":185,\"height\":70,\"caption\":\"Isopak Group\"},\"image\":{\"@id\":\"https:\/\/www.isopakgroup.com\/pl\/#\/schema\/logo\/image\/\"}}]}<\/script>\n<!-- \/ Yoast SEO plugin. -->","yoast_head_json":{"title":"Bloki EPS - Isopak Group","robots":{"index":"index","follow":"follow","max-snippet":"max-snippet:-1","max-image-preview":"max-image-preview:large","max-video-preview":"max-video-preview:-1"},"canonical":"https:\/\/www.isopakgroup.com\/pl\/branza\/branza-przemyslowa\/bloki-eps\/","og_locale":"pl_PL","og_type":"article","og_title":"Bloki EPS - Isopak Group","og_description":"Isopak produkuje bloki EPS o r\u00f3\u017cnych rozmiarach i g\u0119sto\u015bciach, w zale\u017cno\u015bci od potrzeb rynku. Produkcja naszych blok\u00f3w odbywa si\u0119 przy u\u017cyciu nowoczesnych technologii i maszyn, przy u\u017cyciu wysokiej jako\u015bci surowc\u00f3w. Mo\u017cliwe jest r\u00f3wnie\u017c wyprodukowanie blok\u00f3w zawieraj\u0105cych pewien procent odzyskanego EPS.","og_url":"https:\/\/www.isopakgroup.com\/pl\/branza\/branza-przemyslowa\/bloki-eps\/","og_site_name":"Isopak Group","article_modified_time":"2025-01-21T16:43:32+00:00","og_image":[{"width":1200,"height":1096,"url":"https:\/\/www.isopakgroup.com\/wp-content\/uploads\/2024\/09\/blocchi-eps-bn.jpg","type":"image\/jpeg"}],"twitter_card":"summary_large_image","schema":{"@context":"https:\/\/schema.org","@graph":[{"@type":"WebPage","@id":"https:\/\/www.isopakgroup.com\/pl\/branza\/branza-przemyslowa\/bloki-eps\/","url":"https:\/\/www.isopakgroup.com\/pl\/branza\/branza-przemyslowa\/bloki-eps\/","name":"Bloki EPS - Isopak Group","isPartOf":{"@id":"https:\/\/www.isopakgroup.com\/pl\/#website"},"primaryImageOfPage":{"@id":"https:\/\/www.isopakgroup.com\/pl\/branza\/branza-przemyslowa\/bloki-eps\/#primaryimage"},"image":{"@id":"https:\/\/www.isopakgroup.com\/pl\/branza\/branza-przemyslowa\/bloki-eps\/#primaryimage"},"thumbnailUrl":"https:\/\/www.isopakgroup.com\/wp-content\/uploads\/2024\/09\/blocchi-eps-bn.jpg","datePublished":"2024-09-12T12:51:20+00:00","dateModified":"2025-01-21T16:43:32+00:00","breadcrumb":{"@id":"https:\/\/www.isopakgroup.com\/pl\/branza\/branza-przemyslowa\/bloki-eps\/#breadcrumb"},"inLanguage":"pl-PL","potentialAction":[{"@type":"ReadAction","target":["https:\/\/www.isopakgroup.com\/pl\/branza\/branza-przemyslowa\/bloki-eps\/"]}]},{"@type":"ImageObject","inLanguage":"pl-PL","@id":"https:\/\/www.isopakgroup.com\/pl\/branza\/branza-przemyslowa\/bloki-eps\/#primaryimage","url":"https:\/\/www.isopakgroup.com\/wp-content\/uploads\/2024\/09\/blocchi-eps-bn.jpg","contentUrl":"https:\/\/www.isopakgroup.com\/wp-content\/uploads\/2024\/09\/blocchi-eps-bn.jpg","width":1200,"height":1096},{"@type":"BreadcrumbList","@id":"https:\/\/www.isopakgroup.com\/pl\/branza\/branza-przemyslowa\/bloki-eps\/#breadcrumb","itemListElement":[{"@type":"ListItem","position":1,"name":"Home","item":"https:\/\/www.isopakgroup.com\/pl\/"},{"@type":"ListItem","position":2,"name":"Bran\u017ce","item":"https:\/\/www.isopakgroup.com\/pl\/branze\/"},{"@type":"ListItem","position":3,"name":"Przemys\u0142owa","item":"https:\/\/www.isopakgroup.com\/pl\/kategorie-produktu\/branza-przemyslowa\/"},{"@type":"ListItem","position":4,"name":"Bloki EPS"}]},{"@type":"WebSite","@id":"https:\/\/www.isopakgroup.com\/pl\/#website","url":"https:\/\/www.isopakgroup.com\/pl\/","name":"Isopak Group","description":"","publisher":{"@id":"https:\/\/www.isopakgroup.com\/pl\/#organization"},"potentialAction":[{"@type":"SearchAction","target":{"@type":"EntryPoint","urlTemplate":"https:\/\/www.isopakgroup.com\/pl\/?s={search_term_string}"},"query-input":{"@type":"PropertyValueSpecification","valueRequired":true,"valueName":"search_term_string"}}],"inLanguage":"pl-PL"},{"@type":"Organization","@id":"https:\/\/www.isopakgroup.com\/pl\/#organization","name":"Isopak Group","url":"https:\/\/www.isopakgroup.com\/pl\/","logo":{"@type":"ImageObject","inLanguage":"pl-PL","@id":"https:\/\/www.isopakgroup.com\/pl\/#\/schema\/logo\/image\/","url":"https:\/\/www.isopakgroup.com\/wp-content\/uploads\/2024\/07\/Logo-Header.svg","contentUrl":"https:\/\/www.isopakgroup.com\/wp-content\/uploads\/2024\/07\/Logo-Header.svg","width":185,"height":70,"caption":"Isopak Group"},"image":{"@id":"https:\/\/www.isopakgroup.com\/pl\/#\/schema\/logo\/image\/"}}]}},"_links":{"self":[{"href":"https:\/\/www.isopakgroup.com\/pl\/wp-json\/wp\/v2\/product\/1401","targetHints":{"allow":["GET"]}}],"collection":[{"href":"https:\/\/www.isopakgroup.com\/pl\/wp-json\/wp\/v2\/product"}],"about":[{"href":"https:\/\/www.isopakgroup.com\/pl\/wp-json\/wp\/v2\/types\/product"}],"wp:featuredmedia":[{"embeddable":true,"href":"https:\/\/www.isopakgroup.com\/pl\/wp-json\/wp\/v2\/media\/1079"}],"wp:attachment":[{"href":"https:\/\/www.isopakgroup.com\/pl\/wp-json\/wp\/v2\/media?parent=1401"}],"wp:term":[{"taxonomy":"product_brand","embeddable":true,"href":"https:\/\/www.isopakgroup.com\/pl\/wp-json\/wp\/v2\/product_brand?post=1401"},{"taxonomy":"product_cat","embeddable":true,"href":"https:\/\/www.isopakgroup.com\/pl\/wp-json\/wp\/v2\/product_cat?post=1401"},{"taxonomy":"product_tag","embeddable":true,"href":"https:\/\/www.isopakgroup.com\/pl\/wp-json\/wp\/v2\/product_tag?post=1401"}],"curies":[{"name":"wp","href":"https:\/\/api.w.org\/{rel}","templated":true}]}}